{"id":10,"date":"2025-08-07T06:13:14","date_gmt":"2025-08-07T06:13:14","guid":{"rendered":"https:\/\/localhost\/website\/?page_id=10"},"modified":"2026-03-13T07:16:12","modified_gmt":"2026-03-13T06:16:12","slug":"kapcsolat","status":"publish","type":"page","link":"https:\/\/vertour.hu\/en\/kapcsolat\/","title":{"rendered":"Kapcsolat"},"content":{"rendered":"\t\t<div data-elementor-type=\"wp-page\" data-elementor-id=\"10\" class=\"elementor elementor-10\" data-elementor-post-type=\"page\">\n\t\t\t\t<div class=\"elementor-element elementor-element-99510cf e-con-full e-flex e-con e-parent\" data-id=\"99510cf\" data-element_type=\"container\" data-e-type=\"container\">\n\t\t<div class=\"elementor-element elementor-element-955800d e-flex e-con-boxed e-con e-child\" data-id=\"955800d\" data-element_type=\"container\" data-e-type=\"container\" data-settings=\"{&quot;background_background&quot;:&quot;classic&quot;}\">\n\t\t\t\t\t<div class=\"e-con-inner\">\n\t\t<div class=\"elementor-element elementor-element-e0c2419 e-con-full e-flex e-con e-child\" data-id=\"e0c2419\" data-element_type=\"container\" data-e-type=\"container\">\n\t\t\t\t<div class=\"elementor-element elementor-element-f35eb84 elementor-widget elementor-widget-image\" data-id=\"f35eb84\" data-element_type=\"widget\" data-e-type=\"widget\" data-widget_type=\"image.default\">\n\t\t\t\t\t\t\t\t\t\t\t\t\t\t\t<img decoding=\"async\" width=\"200\" height=\"188\" src=\"https:\/\/vertour.hu\/wp-content\/uploads\/2025\/11\/VERTOUR-LOGOraszter-szines.png\" class=\"attachment-medium_large size-medium_large wp-image-3790\" alt=\"\" srcset=\"https:\/\/vertour.hu\/wp-content\/uploads\/2025\/11\/VERTOUR-LOGOraszter-szines.png 200w, https:\/\/vertour.hu\/wp-content\/uploads\/2025\/11\/VERTOUR-LOGOraszter-szines-13x12.png 13w\" sizes=\"(max-width: 200px) 100vw, 200px\" \/>\t\t\t\t\t\t\t\t\t\t\t\t\t\t\t<\/div>\n\t\t\t\t<\/div>\n\t\t<div class=\"elementor-element elementor-element-1badc54 e-con-full e-flex e-con e-child\" data-id=\"1badc54\" data-element_type=\"container\" data-e-type=\"container\" data-settings=\"{&quot;background_background&quot;:&quot;classic&quot;}\">\n\t\t<div class=\"elementor-element elementor-element-1516173 e-con-full e-flex elementor-invisible e-con e-child\" data-id=\"1516173\" data-element_type=\"container\" data-e-type=\"container\" data-settings=\"{&quot;animation&quot;:&quot;fadeIn&quot;,&quot;background_background&quot;:&quot;classic&quot;}\">\n\t\t\t\t<div class=\"elementor-element elementor-element-5e7c0ca elementor-widget elementor-widget-heading\" data-id=\"5e7c0ca\" data-element_type=\"widget\" data-e-type=\"widget\" data-widget_type=\"heading.default\">\n\t\t\t\t\t<h1 class=\"elementor-heading-title elementor-size-default\">Forduljon hozz\u00e1nk bizalommal<\/h1>\t\t\t\t<\/div>\n\t\t\t\t<div class=\"elementor-element elementor-element-2cb13ec elementor-widget__width-initial elementor-widget elementor-widget-text-editor\" data-id=\"2cb13ec\" data-element_type=\"widget\" data-e-type=\"widget\" data-widget_type=\"text-editor.default\">\n\t\t\t\t\t\t\t\t\t<p>az al\u00e1bbi el\u00e9rhet\u0151s\u00e9gek b\u00e1rmelyik\u00e9n!\u00a0<\/p>\t\t\t\t\t\t\t\t<\/div>\n\t\t\t\t<div class=\"elementor-element elementor-element-d07e754 elementor-widget-divider--view-line elementor-widget elementor-widget-divider\" data-id=\"d07e754\" data-element_type=\"widget\" data-e-type=\"widget\" data-widget_type=\"divider.default\">\n\t\t\t\t\t\t\t<div class=\"elementor-divider\">\n\t\t\t<span class=\"elementor-divider-separator\">\n\t\t\t\t\t\t<\/span>\n\t\t<\/div>\n\t\t\t\t\t\t<\/div>\n\t\t\t\t<div class=\"elementor-element elementor-element-3046339 elementor-align-center elementor-mobile-align-center elementor-icon-list--layout-traditional elementor-list-item-link-full_width elementor-widget elementor-widget-icon-list\" data-id=\"3046339\" data-element_type=\"widget\" data-e-type=\"widget\" data-widget_type=\"icon-list.default\">\n\t\t\t\t\t\t\t<ul class=\"elementor-icon-list-items\">\n\t\t\t\t\t\t\t<li class=\"elementor-icon-list-item\">\n\t\t\t\t\t\t\t\t\t\t\t<a href=\"https:\/\/www.google.com\/maps\/place\/V%C3%A9rteserd%C5%91+Zrt.\/@47.5829516,18.3922181,19.5z\/data=!4m6!3m5!1s0x476a40db84552055:0xc4264f0c8bacb5b6!8m2!3d47.5825915!4d18.3917868!16s%2Fg%2F1tf2r05b?entry=ttu&#038;g_ep=EgoyMDI1MTAxNC4wIKXMDSoASAFQAw%3D%3D\" target=\"_blank\">\n\n\t\t\t\t\t\t\t\t\t\t\t\t<span class=\"elementor-icon-list-icon\">\n\t\t\t\t\t\t\t<svg aria-hidden=\"true\" class=\"e-font-icon-svg e-fas-map-marker-alt\" viewBox=\"0 0 384 512\" xmlns=\"http:\/\/www.w3.org\/2000\/svg\"><path d=\"M172.268 501.67C26.97 291.031 0 269.413 0 192 0 85.961 85.961 0 192 0s192 85.961 192 192c0 77.413-26.97 99.031-172.268 309.67-9.535 13.774-29.93 13.773-39.464 0zM192 272c44.183 0 80-35.817 80-80s-35.817-80-80-80-80 35.817-80 80 35.817 80 80 80z\"><\/path><\/svg>\t\t\t\t\t\t<\/span>\n\t\t\t\t\t\t\t\t\t\t<span class=\"elementor-icon-list-text\">C\u00edm: 2800 Tatab\u00e1nya, D\u00f3zsakert utca 63.<\/span>\n\t\t\t\t\t\t\t\t\t\t\t<\/a>\n\t\t\t\t\t\t\t\t\t<\/li>\n\t\t\t\t\t\t\t\t<li class=\"elementor-icon-list-item\">\n\t\t\t\t\t\t\t\t\t\t\t<a href=\"tel:+36%2034%20316-733\">\n\n\t\t\t\t\t\t\t\t\t\t\t\t<span class=\"elementor-icon-list-icon\">\n\t\t\t\t\t\t\t<svg aria-hidden=\"true\" class=\"e-font-icon-svg e-fas-phone-alt\" viewBox=\"0 0 512 512\" xmlns=\"http:\/\/www.w3.org\/2000\/svg\"><path d=\"M497.39 361.8l-112-48a24 24 0 0 0-28 6.9l-49.6 60.6A370.66 370.66 0 0 1 130.6 204.11l60.6-49.6a23.94 23.94 0 0 0 6.9-28l-48-112A24.16 24.16 0 0 0 122.6.61l-104 24A24 24 0 0 0 0 48c0 256.5 207.9 464 464 464a24 24 0 0 0 23.4-18.6l24-104a24.29 24.29 0 0 0-14.01-27.6z\"><\/path><\/svg>\t\t\t\t\t\t<\/span>\n\t\t\t\t\t\t\t\t\t\t<span class=\"elementor-icon-list-text\">Tel.: +36 34 316-733<\/span>\n\t\t\t\t\t\t\t\t\t\t\t<\/a>\n\t\t\t\t\t\t\t\t\t<\/li>\n\t\t\t\t\t\t\t\t<li class=\"elementor-icon-list-item\">\n\t\t\t\t\t\t\t\t\t\t\t<a href=\"mailto:info@vertour.hu\">\n\n\t\t\t\t\t\t\t\t\t\t\t\t<span class=\"elementor-icon-list-icon\">\n\t\t\t\t\t\t\t<svg aria-hidden=\"true\" class=\"e-font-icon-svg e-fas-envelope\" viewBox=\"0 0 512 512\" xmlns=\"http:\/\/www.w3.org\/2000\/svg\"><path d=\"M502.3 190.8c3.9-3.1 9.7-.2 9.7 4.7V400c0 26.5-21.5 48-48 48H48c-26.5 0-48-21.5-48-48V195.6c0-5 5.7-7.8 9.7-4.7 22.4 17.4 52.1 39.5 154.1 113.6 21.1 15.4 56.7 47.8 92.2 47.6 35.7.3 72-32.8 92.3-47.6 102-74.1 131.6-96.3 154-113.7zM256 320c23.2.4 56.6-29.2 73.4-41.4 132.7-96.3 142.8-104.7 173.4-128.7 5.8-4.5 9.2-11.5 9.2-18.9v-19c0-26.5-21.5-48-48-48H48C21.5 64 0 85.5 0 112v19c0 7.4 3.4 14.3 9.2 18.9 30.6 23.9 40.7 32.4 173.4 128.7 16.8 12.2 50.2 41.8 73.4 41.4z\"><\/path><\/svg>\t\t\t\t\t\t<\/span>\n\t\t\t\t\t\t\t\t\t\t<span class=\"elementor-icon-list-text\">E-mail: info@vertour.hu<\/span>\n\t\t\t\t\t\t\t\t\t\t\t<\/a>\n\t\t\t\t\t\t\t\t\t<\/li>\n\t\t\t\t\t\t<\/ul>\n\t\t\t\t\t\t<\/div>\n\t\t\t\t<div class=\"elementor-element elementor-element-a4c5447 elementor-widget-divider--view-line elementor-widget elementor-widget-divider\" data-id=\"a4c5447\" data-element_type=\"widget\" data-e-type=\"widget\" data-widget_type=\"divider.default\">\n\t\t\t\t\t\t\t<div class=\"elementor-divider\">\n\t\t\t<span class=\"elementor-divider-separator\">\n\t\t\t\t\t\t<\/span>\n\t\t<\/div>\n\t\t\t\t\t\t<\/div>\n\t\t<div class=\"elementor-element elementor-element-476d3cd e-con-full e-flex e-con e-child\" data-id=\"476d3cd\" data-element_type=\"container\" data-e-type=\"container\">\n\t\t\t\t<div class=\"elementor-element elementor-element-c1d67de elementor-widget elementor-widget-heading\" data-id=\"c1d67de\" data-element_type=\"widget\" data-e-type=\"widget\" data-widget_type=\"heading.default\">\n\t\t\t\t\t<h2 class=\"elementor-heading-title elementor-size-default\">Nyitvatart\u00e1s<\/h2>\t\t\t\t<\/div>\n\t\t\t\t<div class=\"elementor-element elementor-element-344fb96 elementor-widget elementor-widget-text-editor\" data-id=\"344fb96\" data-element_type=\"widget\" data-e-type=\"widget\" data-widget_type=\"text-editor.default\">\n\t\t\t\t\t\t\t\t\t<p style=\"text-align: center;\">H\u00e9tf\u0151t\u0151l p\u00e9ntekig: 8:00 &#8211; 15:00<br \/>Szombat \u00e9s vas\u00e1rnap Z\u00c1RVA<\/p>\t\t\t\t\t\t\t\t<\/div>\n\t\t\t\t<\/div>\n\t\t\t\t<\/div>\n\t\t<div class=\"elementor-element elementor-element-330dfba e-con-full e-flex e-con e-child\" data-id=\"330dfba\" data-element_type=\"container\" data-e-type=\"container\" data-settings=\"{&quot;animation&quot;:&quot;none&quot;}\">\n\t\t\t\t<div class=\"elementor-element elementor-element-2cef185 elementor-widget elementor-widget-google_maps\" data-id=\"2cef185\" data-element_type=\"widget\" data-e-type=\"widget\" data-settings=\"{&quot;_animation&quot;:&quot;none&quot;}\" data-widget_type=\"google_maps.default\">\n\t\t\t\t\t\t\t<div class=\"elementor-custom-embed\">\n\t\t\t<iframe loading=\"lazy\"\n\t\t\t\t\tsrc=\"https:\/\/maps.google.com\/maps?q=Tatab%C3%A1nya%2C%20D%C3%B3zsakert%20utca%2063.&#038;t=m&#038;z=10&#038;output=embed&#038;iwloc=near\"\n\t\t\t\t\ttitle=\"Tatab\u00e1nya, D\u00f3zsakert utca 63.\"\n\t\t\t\t\taria-label=\"Tatab\u00e1nya, D\u00f3zsakert utca 63.\"\n\t\t\t><\/iframe>\n\t\t<\/div>\n\t\t\t\t\t\t<\/div>\n\t\t\t\t<\/div>\n\t\t\t\t<\/div>\n\t\t\t\t\t<\/div>\n\t\t\t\t<\/div>\n\t\t\t\t<\/div>\n\t\t<div class=\"elementor-element elementor-element-8763a06 elementor-hidden-desktop elementor-hidden-tablet elementor-hidden-mobile e-flex e-con-boxed e-con e-parent\" data-id=\"8763a06\" data-element_type=\"container\" data-e-type=\"container\">\n\t\t\t\t\t<div class=\"e-con-inner\">\n\t\t<div class=\"elementor-element elementor-element-c56abf1 e-con-full e-flex e-con e-child\" data-id=\"c56abf1\" data-element_type=\"container\" data-e-type=\"container\" data-settings=\"{&quot;animation&quot;:&quot;none&quot;}\">\n\t\t<div class=\"elementor-element elementor-element-1d544d7 e-con-full e-flex e-con e-child\" data-id=\"1d544d7\" data-element_type=\"container\" data-e-type=\"container\" data-settings=\"{&quot;animation&quot;:&quot;none&quot;,&quot;background_background&quot;:&quot;classic&quot;,&quot;animation_delay&quot;:500}\">\n\t\t\t\t<div class=\"elementor-element elementor-element-e16a0ff elementor-button-align-stretch elementor-widget elementor-widget-form\" data-id=\"e16a0ff\" data-element_type=\"widget\" data-e-type=\"widget\" data-settings=\"{&quot;step_next_label&quot;:&quot;K\\u00f6vetkez\\u0151&quot;,&quot;step_previous_label&quot;:&quot;El\\u0151z\\u0151&quot;,&quot;button_width&quot;:&quot;100&quot;,&quot;step_type&quot;:&quot;number_text&quot;,&quot;step_icon_shape&quot;:&quot;circle&quot;}\" data-widget_type=\"form.default\">\n\t\t\t\t\t\t\t<form class=\"elementor-form\" method=\"post\" name=\"\u00daj \u0171rlap\" aria-label=\"\u00daj \u0171rlap\">\n\t\t\t<input type=\"hidden\" name=\"post_id\" value=\"10\"\/>\n\t\t\t<input type=\"hidden\" name=\"form_id\" value=\"e16a0ff\"\/>\n\t\t\t<input type=\"hidden\" name=\"referer_title\" value=\"Kapcsolat - Vertour Kft.\" \/>\n\n\t\t\t\t\t\t\t<input type=\"hidden\" name=\"queried_id\" value=\"10\"\/>\n\t\t\t\n\t\t\t<div class=\"elementor-form-fields-wrapper elementor-labels-above\">\n\t\t\t\t\t\t\t\t<div class=\"elementor-field-type-text elementor-field-group elementor-column elementor-field-group-name elementor-col-100\">\n\t\t\t\t\t\t\t\t\t\t\t\t<label for=\"form-field-name\" class=\"elementor-field-label\">\n\t\t\t\t\t\t\t\tN\u00e9v\t\t\t\t\t\t\t<\/label>\n\t\t\t\t\t\t\t\t\t\t\t\t\t\t<input size=\"1\" type=\"text\" name=\"form_fields[name]\" id=\"form-field-name\" class=\"elementor-field elementor-size-sm  elementor-field-textual\" placeholder=\"N\u00e9v\">\n\t\t\t\t\t\t\t\t\t\t\t<\/div>\n\t\t\t\t\t\t\t\t<div class=\"elementor-field-type-email elementor-field-group elementor-column elementor-field-group-email elementor-col-100 elementor-field-required\">\n\t\t\t\t\t\t\t\t\t\t\t\t<label for=\"form-field-email\" class=\"elementor-field-label\">\n\t\t\t\t\t\t\t\tEmail\t\t\t\t\t\t\t<\/label>\n\t\t\t\t\t\t\t\t\t\t\t\t\t\t<input size=\"1\" type=\"email\" name=\"form_fields[email]\" id=\"form-field-email\" class=\"elementor-field elementor-size-sm  elementor-field-textual\" placeholder=\"Email\" required=\"required\">\n\t\t\t\t\t\t\t\t\t\t\t<\/div>\n\t\t\t\t\t\t\t\t<div class=\"elementor-field-type-textarea elementor-field-group elementor-column elementor-field-group-message elementor-col-100\">\n\t\t\t\t\t\t\t\t\t\t\t\t<label for=\"form-field-message\" class=\"elementor-field-label\">\n\t\t\t\t\t\t\t\t\u00dczenet\t\t\t\t\t\t\t<\/label>\n\t\t\t\t\t\t<textarea class=\"elementor-field-textual elementor-field  elementor-size-sm\" name=\"form_fields[message]\" id=\"form-field-message\" rows=\"4\" placeholder=\"\u00dczenet\"><\/textarea>\t\t\t\t<\/div>\n\t\t\t\t\t\t\t\t<div class=\"elementor-field-group elementor-column elementor-field-type-submit elementor-col-100 e-form__buttons\">\n\t\t\t\t\t<button class=\"elementor-button elementor-size-sm\" type=\"submit\">\n\t\t\t\t\t\t<span class=\"elementor-button-content-wrapper\">\n\t\t\t\t\t\t\t\t\t\t\t\t\t\t\t\t\t\t\t\t\t\t<span class=\"elementor-button-text\">K\u00fcld\u00e9s<\/span>\n\t\t\t\t\t\t\t\t\t\t\t\t\t<\/span>\n\t\t\t\t\t<\/button>\n\t\t\t\t<\/div>\n\t\t\t<\/div>\n\t\t<\/form>\n\t\t\t\t\t\t<\/div>\n\t\t\t\t<\/div>\n\t\t<div class=\"elementor-element elementor-element-ce32480 e-con-full e-flex elementor-invisible e-con e-child\" data-id=\"ce32480\" data-element_type=\"container\" data-e-type=\"container\" data-settings=\"{&quot;animation&quot;:&quot;fadeIn&quot;,&quot;background_background&quot;:&quot;classic&quot;}\">\n\t\t\t\t<div class=\"elementor-element elementor-element-a55feb5 elementor-widget elementor-widget-heading\" data-id=\"a55feb5\" data-element_type=\"widget\" data-e-type=\"widget\" data-widget_type=\"heading.default\">\n\t\t\t\t\t<h1 class=\"elementor-heading-title elementor-size-default\">... vagy \u00edrjon nek\u00fcnk \u00fczenetet!<\/h1>\t\t\t\t<\/div>\n\t\t\t\t<\/div>\n\t\t\t\t<\/div>\n\t\t\t\t\t<\/div>\n\t\t\t\t<\/div>\n\t\t\t\t<\/div>\n\t\t","protected":false},"excerpt":{"rendered":"<p>Forduljon hozz\u00e1nk bizalommal az al\u00e1bbi el\u00e9rhet\u0151s\u00e9gek b\u00e1rmelyik\u00e9n!\u00a0 C\u00edm: 2800 Tatab\u00e1nya, D\u00f3zsakert utca 63. Tel.: +36 34 316-733 E-mail: info@vertour.hu Nyitvatart\u00e1s H\u00e9tf\u0151t\u0151l p\u00e9ntekig: 8:00 &#8211; 15:00Szombat \u00e9s vas\u00e1rnap Z\u00c1RVA Please enable JavaScript in your browser to complete this form.Please enable JavaScript in your browser to complete this form. N\u00e9v * FirstLast E-mail *\u00dczenet * K\u00fcld\u00e9s &#8230; [&hellip;]<\/p>\n","protected":false},"author":1,"featured_media":0,"parent":0,"menu_order":0,"comment_status":"closed","ping_status":"closed","template":"elementor_header_footer","meta":{"footnotes":""},"class_list":["post-10","page","type-page","status-publish","hentry"],"yoast_head":"<!-- This site is optimized with the Yoast SEO plugin v27.5 - https:\/\/yoast.com\/product\/yoast-seo-wordpress\/ -->\n<title>Kapcsolat - Vertour Kft.<\/title>\n<meta name=\"robots\" content=\"index, follow, max-snippet:-1, max-image-preview:large, max-video-preview:-1\" \/>\n<link rel=\"canonical\" href=\"https:\/\/vertour.hu\/en\/kapcsolat\/\" \/>\n<meta property=\"og:locale\" content=\"en_US\" \/>\n<meta property=\"og:type\" content=\"article\" \/>\n<meta property=\"og:title\" content=\"Kapcsolat - Vertour Kft.\" \/>\n<meta property=\"og:description\" content=\"Forduljon hozz\u00e1nk bizalommal az al\u00e1bbi el\u00e9rhet\u0151s\u00e9gek b\u00e1rmelyik\u00e9n!\u00a0 C\u00edm: 2800 Tatab\u00e1nya, D\u00f3zsakert utca 63. Tel.: +36 34 316-733 E-mail: info@vertour.hu Nyitvatart\u00e1s H\u00e9tf\u0151t\u0151l p\u00e9ntekig: 8:00 &#8211; 15:00Szombat \u00e9s vas\u00e1rnap Z\u00c1RVA Please enable JavaScript in your browser to complete this form.Please enable JavaScript in your browser to complete this form. N\u00e9v * FirstLast E-mail *\u00dczenet * K\u00fcld\u00e9s &#8230; [&hellip;]\" \/>\n<meta property=\"og:url\" content=\"https:\/\/vertour.hu\/en\/kapcsolat\/\" \/>\n<meta property=\"og:site_name\" content=\"Vertour Kft.\" \/>\n<meta property=\"article:modified_time\" content=\"2026-03-13T06:16:12+00:00\" \/>\n<meta property=\"og:image\" content=\"https:\/\/vertour.hu\/wp-content\/uploads\/2025\/11\/VERTOUR-LOGOraszter-szines.png\" \/>\n\t<meta property=\"og:image:width\" content=\"200\" \/>\n\t<meta property=\"og:image:height\" content=\"188\" \/>\n\t<meta property=\"og:image:type\" content=\"image\/png\" \/>\n<script type=\"application\/ld+json\" class=\"yoast-schema-graph\">{\"@context\":\"https:\\\/\\\/schema.org\",\"@graph\":[{\"@type\":\"WebPage\",\"@id\":\"https:\\\/\\\/vertour.hu\\\/kapcsolat\\\/\",\"url\":\"https:\\\/\\\/vertour.hu\\\/kapcsolat\\\/\",\"name\":\"Kapcsolat - Vertour Kft.\",\"isPartOf\":{\"@id\":\"https:\\\/\\\/vertour.hu\\\/#website\"},\"primaryImageOfPage\":{\"@id\":\"https:\\\/\\\/vertour.hu\\\/kapcsolat\\\/#primaryimage\"},\"image\":{\"@id\":\"https:\\\/\\\/vertour.hu\\\/kapcsolat\\\/#primaryimage\"},\"thumbnailUrl\":\"https:\\\/\\\/vertour.hu\\\/wp-content\\\/uploads\\\/2025\\\/11\\\/VERTOUR-LOGOraszter-szines.png\",\"datePublished\":\"2025-08-07T06:13:14+00:00\",\"dateModified\":\"2026-03-13T06:16:12+00:00\",\"breadcrumb\":{\"@id\":\"https:\\\/\\\/vertour.hu\\\/kapcsolat\\\/#breadcrumb\"},\"inLanguage\":\"en-US\",\"potentialAction\":[{\"@type\":\"ReadAction\",\"target\":[\"https:\\\/\\\/vertour.hu\\\/kapcsolat\\\/\"]}]},{\"@type\":\"ImageObject\",\"inLanguage\":\"en-US\",\"@id\":\"https:\\\/\\\/vertour.hu\\\/kapcsolat\\\/#primaryimage\",\"url\":\"https:\\\/\\\/vertour.hu\\\/wp-content\\\/uploads\\\/2025\\\/11\\\/VERTOUR-LOGOraszter-szines.png\",\"contentUrl\":\"https:\\\/\\\/vertour.hu\\\/wp-content\\\/uploads\\\/2025\\\/11\\\/VERTOUR-LOGOraszter-szines.png\"},{\"@type\":\"BreadcrumbList\",\"@id\":\"https:\\\/\\\/vertour.hu\\\/kapcsolat\\\/#breadcrumb\",\"itemListElement\":[{\"@type\":\"ListItem\",\"position\":1,\"name\":\"Kezd\u0151lap\",\"item\":\"https:\\\/\\\/vertour.hu\\\/\"},{\"@type\":\"ListItem\",\"position\":2,\"name\":\"Kapcsolat\"}]},{\"@type\":\"WebSite\",\"@id\":\"https:\\\/\\\/vertour.hu\\\/#website\",\"url\":\"https:\\\/\\\/vertour.hu\\\/\",\"name\":\"Vertour Kft.\",\"description\":\"Turisztikai-, Vend\u00e9gl\u00e1t\u00f3-, Kereskedelmi \u00e9s Szolg\u00e1ltat\u00f3\",\"publisher\":{\"@id\":\"https:\\\/\\\/vertour.hu\\\/#organization\"},\"potentialAction\":[{\"@type\":\"SearchAction\",\"target\":{\"@type\":\"EntryPoint\",\"urlTemplate\":\"https:\\\/\\\/vertour.hu\\\/?s={search_term_string}\"},\"query-input\":{\"@type\":\"PropertyValueSpecification\",\"valueRequired\":true,\"valueName\":\"search_term_string\"}}],\"inLanguage\":\"en-US\"},{\"@type\":\"Organization\",\"@id\":\"https:\\\/\\\/vertour.hu\\\/#organization\",\"name\":\"Vertour Kft.\",\"url\":\"https:\\\/\\\/vertour.hu\\\/\",\"logo\":{\"@type\":\"ImageObject\",\"inLanguage\":\"en-US\",\"@id\":\"https:\\\/\\\/vertour.hu\\\/#\\\/schema\\\/logo\\\/image\\\/\",\"url\":\"https:\\\/\\\/vertour.hu\\\/wp-content\\\/uploads\\\/2025\\\/11\\\/VERTOUR-LOGOraszter-szines.png\",\"contentUrl\":\"https:\\\/\\\/vertour.hu\\\/wp-content\\\/uploads\\\/2025\\\/11\\\/VERTOUR-LOGOraszter-szines.png\",\"width\":200,\"height\":188,\"caption\":\"Vertour Kft.\"},\"image\":{\"@id\":\"https:\\\/\\\/vertour.hu\\\/#\\\/schema\\\/logo\\\/image\\\/\"},\"sameAs\":[\"https:\\\/\\\/www.facebook.com\\\/vajdajanoserdeiiskola\\\/#\",\"https:\\\/\\\/www.facebook.com\\\/agostyaniarboretum\\\/#\"]}]}<\/script>\n<!-- \/ Yoast SEO plugin. -->","yoast_head_json":{"title":"Kapcsolat - Vertour Kft.","robots":{"index":"index","follow":"follow","max-snippet":"max-snippet:-1","max-image-preview":"max-image-preview:large","max-video-preview":"max-video-preview:-1"},"canonical":"https:\/\/vertour.hu\/en\/kapcsolat\/","og_locale":"en_US","og_type":"article","og_title":"Kapcsolat - Vertour Kft.","og_description":"Forduljon hozz\u00e1nk bizalommal az al\u00e1bbi el\u00e9rhet\u0151s\u00e9gek b\u00e1rmelyik\u00e9n!\u00a0 C\u00edm: 2800 Tatab\u00e1nya, D\u00f3zsakert utca 63. Tel.: +36 34 316-733 E-mail: info@vertour.hu Nyitvatart\u00e1s H\u00e9tf\u0151t\u0151l p\u00e9ntekig: 8:00 &#8211; 15:00Szombat \u00e9s vas\u00e1rnap Z\u00c1RVA Please enable JavaScript in your browser to complete this form.Please enable JavaScript in your browser to complete this form. N\u00e9v * FirstLast E-mail *\u00dczenet * K\u00fcld\u00e9s &#8230; [&hellip;]","og_url":"https:\/\/vertour.hu\/en\/kapcsolat\/","og_site_name":"Vertour Kft.","article_modified_time":"2026-03-13T06:16:12+00:00","og_image":[{"width":200,"height":188,"url":"https:\/\/vertour.hu\/wp-content\/uploads\/2025\/11\/VERTOUR-LOGOraszter-szines.png","type":"image\/png"}],"schema":{"@context":"https:\/\/schema.org","@graph":[{"@type":"WebPage","@id":"https:\/\/vertour.hu\/kapcsolat\/","url":"https:\/\/vertour.hu\/kapcsolat\/","name":"Kapcsolat - Vertour Kft.","isPartOf":{"@id":"https:\/\/vertour.hu\/#website"},"primaryImageOfPage":{"@id":"https:\/\/vertour.hu\/kapcsolat\/#primaryimage"},"image":{"@id":"https:\/\/vertour.hu\/kapcsolat\/#primaryimage"},"thumbnailUrl":"https:\/\/vertour.hu\/wp-content\/uploads\/2025\/11\/VERTOUR-LOGOraszter-szines.png","datePublished":"2025-08-07T06:13:14+00:00","dateModified":"2026-03-13T06:16:12+00:00","breadcrumb":{"@id":"https:\/\/vertour.hu\/kapcsolat\/#breadcrumb"},"inLanguage":"en-US","potentialAction":[{"@type":"ReadAction","target":["https:\/\/vertour.hu\/kapcsolat\/"]}]},{"@type":"ImageObject","inLanguage":"en-US","@id":"https:\/\/vertour.hu\/kapcsolat\/#primaryimage","url":"https:\/\/vertour.hu\/wp-content\/uploads\/2025\/11\/VERTOUR-LOGOraszter-szines.png","contentUrl":"https:\/\/vertour.hu\/wp-content\/uploads\/2025\/11\/VERTOUR-LOGOraszter-szines.png"},{"@type":"BreadcrumbList","@id":"https:\/\/vertour.hu\/kapcsolat\/#breadcrumb","itemListElement":[{"@type":"ListItem","position":1,"name":"Kezd\u0151lap","item":"https:\/\/vertour.hu\/"},{"@type":"ListItem","position":2,"name":"Kapcsolat"}]},{"@type":"WebSite","@id":"https:\/\/vertour.hu\/#website","url":"https:\/\/vertour.hu\/","name":"Vertour Kft.","description":"Tourism, Hospitality, Commerce and Services","publisher":{"@id":"https:\/\/vertour.hu\/#organization"},"potentialAction":[{"@type":"SearchAction","target":{"@type":"EntryPoint","urlTemplate":"https:\/\/vertour.hu\/?s={search_term_string}"},"query-input":{"@type":"PropertyValueSpecification","valueRequired":true,"valueName":"search_term_string"}}],"inLanguage":"en-US"},{"@type":"Organization","@id":"https:\/\/vertour.hu\/#organization","name":"Vertour Kft.","url":"https:\/\/vertour.hu\/","logo":{"@type":"ImageObject","inLanguage":"en-US","@id":"https:\/\/vertour.hu\/#\/schema\/logo\/image\/","url":"https:\/\/vertour.hu\/wp-content\/uploads\/2025\/11\/VERTOUR-LOGOraszter-szines.png","contentUrl":"https:\/\/vertour.hu\/wp-content\/uploads\/2025\/11\/VERTOUR-LOGOraszter-szines.png","width":200,"height":188,"caption":"Vertour Kft."},"image":{"@id":"https:\/\/vertour.hu\/#\/schema\/logo\/image\/"},"sameAs":["https:\/\/www.facebook.com\/vajdajanoserdeiiskola\/#","https:\/\/www.facebook.com\/agostyaniarboretum\/#"]}]}},"_links":{"self":[{"href":"https:\/\/vertour.hu\/en\/wp-json\/wp\/v2\/pages\/10","targetHints":{"allow":["GET"]}}],"collection":[{"href":"https:\/\/vertour.hu\/en\/wp-json\/wp\/v2\/pages"}],"about":[{"href":"https:\/\/vertour.hu\/en\/wp-json\/wp\/v2\/types\/page"}],"author":[{"embeddable":true,"href":"https:\/\/vertour.hu\/en\/wp-json\/wp\/v2\/users\/1"}],"replies":[{"embeddable":true,"href":"https:\/\/vertour.hu\/en\/wp-json\/wp\/v2\/comments?post=10"}],"version-history":[{"count":172,"href":"https:\/\/vertour.hu\/en\/wp-json\/wp\/v2\/pages\/10\/revisions"}],"predecessor-version":[{"id":4318,"href":"https:\/\/vertour.hu\/en\/wp-json\/wp\/v2\/pages\/10\/revisions\/4318"}],"wp:attachment":[{"href":"https:\/\/vertour.hu\/en\/wp-json\/wp\/v2\/media?parent=10"}],"curies":[{"name":"wp","href":"https:\/\/api.w.org\/{rel}","templated":true}]}}