{"id":185,"date":"2025-08-07T12:10:35","date_gmt":"2025-08-07T12:10:35","guid":{"rendered":"https:\/\/localhost\/website\/?page_id=185"},"modified":"2026-04-22T11:09:59","modified_gmt":"2026-04-22T10:09:59","slug":"szallashelyek","status":"publish","type":"page","link":"https:\/\/vertour.hu\/en\/szallashelyek\/","title":{"rendered":"Accommodations"},"content":{"rendered":"<div data-elementor-type=\"wp-page\" data-elementor-id=\"185\" class=\"elementor elementor-185\" data-elementor-post-type=\"page\">\n\t\t\t\t<div class=\"elementor-element elementor-element-d7f44d8 e-flex e-con-boxed e-con e-parent\" data-id=\"d7f44d8\" data-element_type=\"container\" data-e-type=\"container\">\n\t\t\t\t\t<div class=\"e-con-inner\">\n\t\t\t\t<div class=\"elementor-element elementor-element-1046dcc elementor-widget-tablet__width-inherit elementor-widget elementor-widget-heading\" data-id=\"1046dcc\" data-element_type=\"widget\" data-e-type=\"widget\" data-widget_type=\"heading.default\">\n\t\t\t\t\t<h2 class=\"elementor-heading-title elementor-size-default\">Our accommodations<\/h2>\t\t\t\t<\/div>\n\t\t<div class=\"elementor-element elementor-element-bc49e53 e-con-full e-flex e-con e-child\" data-id=\"bc49e53\" data-element_type=\"container\" data-e-type=\"container\">\n\t\t\t\t<div class=\"elementor-element elementor-element-71f90a3 elementor-grid-2 elementor-grid-tablet-1 elementor-posts--align-center elementor-grid-mobile-1 elementor-posts--thumbnail-top elementor-invisible elementor-widget elementor-widget-posts\" data-id=\"71f90a3\" data-element_type=\"widget\" data-e-type=\"widget\" data-settings=\"{&quot;classic_columns&quot;:&quot;2&quot;,&quot;_animation&quot;:&quot;fadeInUp&quot;,&quot;classic_columns_tablet&quot;:&quot;1&quot;,&quot;classic_columns_mobile&quot;:&quot;1&quot;,&quot;classic_row_gap&quot;:{&quot;unit&quot;:&quot;px&quot;,&quot;size&quot;:35,&quot;sizes&quot;:[]},&quot;classic_row_gap_tablet&quot;:{&quot;unit&quot;:&quot;px&quot;,&quot;size&quot;:&quot;&quot;,&quot;sizes&quot;:[]},&quot;classic_row_gap_mobile&quot;:{&quot;unit&quot;:&quot;px&quot;,&quot;size&quot;:&quot;&quot;,&quot;sizes&quot;:[]}}\" data-widget_type=\"posts.classic\">\n\t\t\t\t<div class=\"elementor-widget-container\">\n\t\t\t\t\t\t\t<div class=\"elementor-posts-container elementor-posts elementor-posts--skin-classic elementor-grid\" role=\"list\">\n\t\t\t\t<article class=\"elementor-post elementor-grid-item post-479 post type-post status-publish format-standard has-post-thumbnail hentry category-szallashely\" role=\"listitem\">\n\t\t\t\t<a class=\"elementor-post__thumbnail__link\" href=\"https:\/\/vertour.hu\/en\/agostyani-arboretumi-kulcsoshaz\/\" tabindex=\"-1\" >\n\t\t\t<div class=\"elementor-post__thumbnail\"><img fetchpriority=\"high\" decoding=\"async\" width=\"800\" height=\"520\" src=\"https:\/\/vertour.hu\/wp-content\/uploads\/2025\/08\/agostyani-1024x666.jpg\" class=\"attachment-large size-large wp-image-480\" alt=\"\" srcset=\"https:\/\/vertour.hu\/wp-content\/uploads\/2025\/08\/agostyani-1024x666.jpg 1024w, https:\/\/vertour.hu\/wp-content\/uploads\/2025\/08\/agostyani-300x195.jpg 300w, https:\/\/vertour.hu\/wp-content\/uploads\/2025\/08\/agostyani-768x499.jpg 768w, https:\/\/vertour.hu\/wp-content\/uploads\/2025\/08\/agostyani-1536x998.jpg 1536w, https:\/\/vertour.hu\/wp-content\/uploads\/2025\/08\/agostyani.jpg 2000w\" sizes=\"(max-width: 800px) 100vw, 800px\" \/><\/div>\n\t\t<\/a>\n\t\t\t\t<div class=\"elementor-post__text\">\n\t\t\t\t<h3 class=\"elementor-post__title\">\n\t\t\t<a href=\"https:\/\/vertour.hu\/en\/agostyani-arboretumi-kulcsoshaz\/\" >\n\t\t\t\tARBORETUM KEY-HOUSE IN AGOSTY\u00c1N\t\t\t<\/a>\n\t\t<\/h3>\n\t\t\t\t<div class=\"elementor-post__excerpt\">\n\t\t\t<p>The key house by the arboretum lake awaits visitors eager for a truly unique experience in its brand new \u201eoutfit.\u201d The accommodation for 10 people offers a great opportunity for families, smaller groups of retirees or students, and hiking companions.,\t\t<\/div>\n\t\t\n\t\t<a class=\"elementor-post__read-more\" href=\"https:\/\/vertour.hu\/en\/agostyani-arboretumi-kulcsoshaz\/\" aria-label=\"Read more about AGOSTY\u00c1NI ARBOR\u00c9TUMI KULCSOSH\u00c1Z\" tabindex=\"-1\" >\n\t\t\tI am interested\t\t<\/a>\n\n\t\t\t\t<\/div>\n\t\t\t\t<\/article>\n\t\t\t\t<article class=\"elementor-post elementor-grid-item post-489 post type-post status-publish format-standard has-post-thumbnail hentry category-szallashely\" role=\"listitem\">\n\t\t\t\t<a class=\"elementor-post__thumbnail__link\" href=\"https:\/\/vertour.hu\/en\/esterhazy-fogado\/\" tabindex=\"-1\" >\n\t\t\t<div class=\"elementor-post__thumbnail\"><img decoding=\"async\" width=\"800\" height=\"520\" src=\"https:\/\/vertour.hu\/wp-content\/uploads\/2025\/08\/grof-1024x666.webp\" class=\"attachment-large size-large wp-image-490\" alt=\"\" srcset=\"https:\/\/vertour.hu\/wp-content\/uploads\/2025\/08\/grof-1024x666.webp 1024w, https:\/\/vertour.hu\/wp-content\/uploads\/2025\/08\/grof-300x195.webp 300w, https:\/\/vertour.hu\/wp-content\/uploads\/2025\/08\/grof-768x499.webp 768w, https:\/\/vertour.hu\/wp-content\/uploads\/2025\/08\/grof-1536x998.webp 1536w, https:\/\/vertour.hu\/wp-content\/uploads\/2025\/08\/grof.webp 1920w\" sizes=\"(max-width: 800px) 100vw, 800px\" \/><\/div>\n\t\t<\/a>\n\t\t\t\t<div class=\"elementor-post__text\">\n\t\t\t\t<h3 class=\"elementor-post__title\">\n\t\t\t<a href=\"https:\/\/vertour.hu\/en\/esterhazy-fogado\/\" >\n\t\t\t\tESTERH\u00c1ZY INN\t\t\t<\/a>\n\t\t<\/h3>\n\t\t\t\t<div class=\"elementor-post__excerpt\">\n\t\t\t<p>The Count Esterh\u00e1zy M\u00f3ric Ecotourism Center and Tourist House welcomes beginner and experienced adventurers eager to explore the forest year-round, with its diverse and engaging locations and educational programs. In our event hall, larger family and corporate events,\t\t<\/div>\n\t\t\n\t\t<a class=\"elementor-post__read-more\" href=\"https:\/\/vertour.hu\/en\/esterhazy-fogado\/\" aria-label=\"Read more about ESTERH\u00c1ZY FOGAD\u00d3\" tabindex=\"-1\" >\n\t\t\tI am interested\t\t<\/a>\n\n\t\t\t\t<\/div>\n\t\t\t\t<\/article>\n\t\t\t\t<article class=\"elementor-post elementor-grid-item post-601 post type-post status-publish format-standard has-post-thumbnail hentry category-szallashely\" role=\"listitem\">\n\t\t\t\t<a class=\"elementor-post__thumbnail__link\" href=\"https:\/\/vertour.hu\/en\/malomerdo-panzio\/\" tabindex=\"-1\" >\n\t\t\t<div class=\"elementor-post__thumbnail\"><img decoding=\"async\" width=\"800\" height=\"520\" src=\"https:\/\/vertour.hu\/wp-content\/uploads\/2025\/08\/malomerdo_panzio-1024x666.webp\" class=\"attachment-large size-large wp-image-602\" alt=\"\" srcset=\"https:\/\/vertour.hu\/wp-content\/uploads\/2025\/08\/malomerdo_panzio-1024x666.webp 1024w, https:\/\/vertour.hu\/wp-content\/uploads\/2025\/08\/malomerdo_panzio-300x195.webp 300w, https:\/\/vertour.hu\/wp-content\/uploads\/2025\/08\/malomerdo_panzio-768x499.webp 768w, https:\/\/vertour.hu\/wp-content\/uploads\/2025\/08\/malomerdo_panzio-1536x998.webp 1536w, https:\/\/vertour.hu\/wp-content\/uploads\/2025\/08\/malomerdo_panzio.webp 1920w\" sizes=\"(max-width: 800px) 100vw, 800px\" \/><\/div>\n\t\t<\/a>\n\t\t\t\t<div class=\"elementor-post__text\">\n\t\t\t\t<h3 class=\"elementor-post__title\">\n\t\t\t<a href=\"https:\/\/vertour.hu\/en\/malomerdo-panzio\/\" >\n\t\t\t\tMALOMERD\u0150 PENSION\t\t\t<\/a>\n\t\t<\/h3>\n\t\t\t\t<div class=\"elementor-post__excerpt\">\n\t\t\t<p>For our nature-loving guests, we provide tranquility away from the noise of the city, all year round, for carefree relaxation. In the embrace of nature, we offer an optimal venue for small conferences, team-building training, meetings, educational events, corporate events and\t\t<\/div>\n\t\t\n\t\t<a class=\"elementor-post__read-more\" href=\"https:\/\/vertour.hu\/en\/malomerdo-panzio\/\" aria-label=\"Read more about MALOMERD\u0150 PANZI\u00d3\" tabindex=\"-1\" >\n\t\t\tI am interested\t\t<\/a>\n\n\t\t\t\t<\/div>\n\t\t\t\t<\/article>\n\t\t\t\t<article class=\"elementor-post elementor-grid-item post-611 post type-post status-publish format-standard has-post-thumbnail hentry category-szallashely\" role=\"listitem\">\n\t\t\t\t<a class=\"elementor-post__thumbnail__link\" href=\"https:\/\/vertour.hu\/en\/vajda-janos-erdeszeti-erdei-iskola\/\" tabindex=\"-1\" >\n\t\t\t<div class=\"elementor-post__thumbnail\"><img loading=\"lazy\" decoding=\"async\" width=\"800\" height=\"520\" src=\"https:\/\/vertour.hu\/wp-content\/uploads\/2025\/08\/vajda_janos_erdeszeti_erdei_iskola-1024x666.webp\" class=\"attachment-large size-large wp-image-612\" alt=\"\" srcset=\"https:\/\/vertour.hu\/wp-content\/uploads\/2025\/08\/vajda_janos_erdeszeti_erdei_iskola-1024x666.webp 1024w, https:\/\/vertour.hu\/wp-content\/uploads\/2025\/08\/vajda_janos_erdeszeti_erdei_iskola-300x195.webp 300w, https:\/\/vertour.hu\/wp-content\/uploads\/2025\/08\/vajda_janos_erdeszeti_erdei_iskola-768x499.webp 768w, https:\/\/vertour.hu\/wp-content\/uploads\/2025\/08\/vajda_janos_erdeszeti_erdei_iskola-1536x998.webp 1536w, https:\/\/vertour.hu\/wp-content\/uploads\/2025\/08\/vajda_janos_erdeszeti_erdei_iskola.webp 1920w\" sizes=\"(max-width: 800px) 100vw, 800px\" \/><\/div>\n\t\t<\/a>\n\t\t\t\t<div class=\"elementor-post__text\">\n\t\t\t\t<h3 class=\"elementor-post__title\">\n\t\t\t<a href=\"https:\/\/vertour.hu\/en\/vajda-janos-erdeszeti-erdei-iskola\/\" >\n\t\t\t\tVAJDA J\u00c1NOS FORESTRY SCHOOL\t\t\t<\/a>\n\t\t<\/h3>\n\t\t\t\t<div class=\"elementor-post__excerpt\">\n\t\t\t<p>The school is named after J\u00e1nos Vajda, a 19th-century poet who spent his childhood in the V\u00e1l Valley. We wanted the children who come to us to gain experiences and\t\t<\/div>\n\t\t\n\t\t<a class=\"elementor-post__read-more\" href=\"https:\/\/vertour.hu\/en\/vajda-janos-erdeszeti-erdei-iskola\/\" aria-label=\"Read more about VAJDA J\u00c1NOS ERD\u00c9SZETI ERDEI ISKOLA\" tabindex=\"-1\" >\n\t\t\tI am interested\t\t<\/a>\n\n\t\t\t\t<\/div>\n\t\t\t\t<\/article>\n\t\t\t\t<\/div>\n\t\t\n\t\t\t\t\t\t<\/div>\n\t\t\t\t<\/div>\n\t\t\t\t<\/div>\n\t\t\t\t\t<\/div>\n\t\t\t\t<\/div>\n\t\t\t\t<\/div>","protected":false},"excerpt":{"rendered":"<p>Our accommodations<\/p>","protected":false},"author":1,"featured_media":0,"parent":0,"menu_order":0,"comment_status":"closed","ping_status":"closed","template":"","meta":{"footnotes":""},"class_list":["post-185","page","type-page","status-publish","hentry"],"yoast_head":"<!-- This site is optimized with the Yoast SEO plugin v27.5 - https:\/\/yoast.com\/product\/yoast-seo-wordpress\/ -->\n<title>Sz\u00e1ll\u00e1shelyek - Vertour Kft.<\/title>\n<meta name=\"robots\" content=\"index, follow, max-snippet:-1, max-image-preview:large, max-video-preview:-1\" \/>\n<link rel=\"canonical\" href=\"https:\/\/vertour.hu\/en\/szallashelyek\/\" \/>\n<meta property=\"og:locale\" content=\"en_US\" \/>\n<meta property=\"og:type\" content=\"article\" \/>\n<meta property=\"og:title\" content=\"Sz\u00e1ll\u00e1shelyek - Vertour Kft.\" \/>\n<meta property=\"og:description\" content=\"Sz\u00e1ll\u00e1shelyeink\" \/>\n<meta property=\"og:url\" content=\"https:\/\/vertour.hu\/en\/szallashelyek\/\" \/>\n<meta property=\"og:site_name\" content=\"Vertour Kft.\" \/>\n<meta property=\"article:modified_time\" content=\"2026-04-22T10:09:59+00:00\" \/>\n<script type=\"application\/ld+json\" class=\"yoast-schema-graph\">{\"@context\":\"https:\\\/\\\/schema.org\",\"@graph\":[{\"@type\":\"WebPage\",\"@id\":\"https:\\\/\\\/vertour.hu\\\/szallashelyek\\\/\",\"url\":\"https:\\\/\\\/vertour.hu\\\/szallashelyek\\\/\",\"name\":\"Sz\u00e1ll\u00e1shelyek - Vertour Kft.\",\"isPartOf\":{\"@id\":\"https:\\\/\\\/vertour.hu\\\/#website\"},\"datePublished\":\"2025-08-07T12:10:35+00:00\",\"dateModified\":\"2026-04-22T10:09:59+00:00\",\"breadcrumb\":{\"@id\":\"https:\\\/\\\/vertour.hu\\\/szallashelyek\\\/#breadcrumb\"},\"inLanguage\":\"en-US\",\"potentialAction\":[{\"@type\":\"ReadAction\",\"target\":[\"https:\\\/\\\/vertour.hu\\\/szallashelyek\\\/\"]}]},{\"@type\":\"BreadcrumbList\",\"@id\":\"https:\\\/\\\/vertour.hu\\\/szallashelyek\\\/#breadcrumb\",\"itemListElement\":[{\"@type\":\"ListItem\",\"position\":1,\"name\":\"Kezd\u0151lap\",\"item\":\"https:\\\/\\\/vertour.hu\\\/\"},{\"@type\":\"ListItem\",\"position\":2,\"name\":\"Sz\u00e1ll\u00e1shelyek\"}]},{\"@type\":\"WebSite\",\"@id\":\"https:\\\/\\\/vertour.hu\\\/#website\",\"url\":\"https:\\\/\\\/vertour.hu\\\/\",\"name\":\"Vertour Kft.\",\"description\":\"Turisztikai-, Vend\u00e9gl\u00e1t\u00f3-, Kereskedelmi \u00e9s Szolg\u00e1ltat\u00f3\",\"publisher\":{\"@id\":\"https:\\\/\\\/vertour.hu\\\/#organization\"},\"potentialAction\":[{\"@type\":\"SearchAction\",\"target\":{\"@type\":\"EntryPoint\",\"urlTemplate\":\"https:\\\/\\\/vertour.hu\\\/?s={search_term_string}\"},\"query-input\":{\"@type\":\"PropertyValueSpecification\",\"valueRequired\":true,\"valueName\":\"search_term_string\"}}],\"inLanguage\":\"en-US\"},{\"@type\":\"Organization\",\"@id\":\"https:\\\/\\\/vertour.hu\\\/#organization\",\"name\":\"Vertour Kft.\",\"url\":\"https:\\\/\\\/vertour.hu\\\/\",\"logo\":{\"@type\":\"ImageObject\",\"inLanguage\":\"en-US\",\"@id\":\"https:\\\/\\\/vertour.hu\\\/#\\\/schema\\\/logo\\\/image\\\/\",\"url\":\"https:\\\/\\\/vertour.hu\\\/wp-content\\\/uploads\\\/2025\\\/11\\\/VERTOUR-LOGOraszter-szines.png\",\"contentUrl\":\"https:\\\/\\\/vertour.hu\\\/wp-content\\\/uploads\\\/2025\\\/11\\\/VERTOUR-LOGOraszter-szines.png\",\"width\":200,\"height\":188,\"caption\":\"Vertour Kft.\"},\"image\":{\"@id\":\"https:\\\/\\\/vertour.hu\\\/#\\\/schema\\\/logo\\\/image\\\/\"},\"sameAs\":[\"https:\\\/\\\/www.facebook.com\\\/vajdajanoserdeiiskola\\\/#\",\"https:\\\/\\\/www.facebook.com\\\/agostyaniarboretum\\\/#\"]}]}<\/script>\n<!-- \/ Yoast SEO plugin. -->","yoast_head_json":{"title":"Sz\u00e1ll\u00e1shelyek - Vertour Kft.","robots":{"index":"index","follow":"follow","max-snippet":"max-snippet:-1","max-image-preview":"max-image-preview:large","max-video-preview":"max-video-preview:-1"},"canonical":"https:\/\/vertour.hu\/en\/szallashelyek\/","og_locale":"en_US","og_type":"article","og_title":"Sz\u00e1ll\u00e1shelyek - Vertour Kft.","og_description":"Sz\u00e1ll\u00e1shelyeink","og_url":"https:\/\/vertour.hu\/en\/szallashelyek\/","og_site_name":"Vertour Kft.","article_modified_time":"2026-04-22T10:09:59+00:00","schema":{"@context":"https:\/\/schema.org","@graph":[{"@type":"WebPage","@id":"https:\/\/vertour.hu\/szallashelyek\/","url":"https:\/\/vertour.hu\/szallashelyek\/","name":"Sz\u00e1ll\u00e1shelyek - Vertour Kft.","isPartOf":{"@id":"https:\/\/vertour.hu\/#website"},"datePublished":"2025-08-07T12:10:35+00:00","dateModified":"2026-04-22T10:09:59+00:00","breadcrumb":{"@id":"https:\/\/vertour.hu\/szallashelyek\/#breadcrumb"},"inLanguage":"en-US","potentialAction":[{"@type":"ReadAction","target":["https:\/\/vertour.hu\/szallashelyek\/"]}]},{"@type":"BreadcrumbList","@id":"https:\/\/vertour.hu\/szallashelyek\/#breadcrumb","itemListElement":[{"@type":"ListItem","position":1,"name":"Kezd\u0151lap","item":"https:\/\/vertour.hu\/"},{"@type":"ListItem","position":2,"name":"Sz\u00e1ll\u00e1shelyek"}]},{"@type":"WebSite","@id":"https:\/\/vertour.hu\/#website","url":"https:\/\/vertour.hu\/","name":"Vertour Kft.","description":"Tourism, Hospitality, Commerce and Services","publisher":{"@id":"https:\/\/vertour.hu\/#organization"},"potentialAction":[{"@type":"SearchAction","target":{"@type":"EntryPoint","urlTemplate":"https:\/\/vertour.hu\/?s={search_term_string}"},"query-input":{"@type":"PropertyValueSpecification","valueRequired":true,"valueName":"search_term_string"}}],"inLanguage":"en-US"},{"@type":"Organization","@id":"https:\/\/vertour.hu\/#organization","name":"Vertour Kft.","url":"https:\/\/vertour.hu\/","logo":{"@type":"ImageObject","inLanguage":"en-US","@id":"https:\/\/vertour.hu\/#\/schema\/logo\/image\/","url":"https:\/\/vertour.hu\/wp-content\/uploads\/2025\/11\/VERTOUR-LOGOraszter-szines.png","contentUrl":"https:\/\/vertour.hu\/wp-content\/uploads\/2025\/11\/VERTOUR-LOGOraszter-szines.png","width":200,"height":188,"caption":"Vertour Kft."},"image":{"@id":"https:\/\/vertour.hu\/#\/schema\/logo\/image\/"},"sameAs":["https:\/\/www.facebook.com\/vajdajanoserdeiiskola\/#","https:\/\/www.facebook.com\/agostyaniarboretum\/#"]}]}},"_links":{"self":[{"href":"https:\/\/vertour.hu\/en\/wp-json\/wp\/v2\/pages\/185","targetHints":{"allow":["GET"]}}],"collection":[{"href":"https:\/\/vertour.hu\/en\/wp-json\/wp\/v2\/pages"}],"about":[{"href":"https:\/\/vertour.hu\/en\/wp-json\/wp\/v2\/types\/page"}],"author":[{"embeddable":true,"href":"https:\/\/vertour.hu\/en\/wp-json\/wp\/v2\/users\/1"}],"replies":[{"embeddable":true,"href":"https:\/\/vertour.hu\/en\/wp-json\/wp\/v2\/comments?post=185"}],"version-history":[{"count":194,"href":"https:\/\/vertour.hu\/en\/wp-json\/wp\/v2\/pages\/185\/revisions"}],"predecessor-version":[{"id":4325,"href":"https:\/\/vertour.hu\/en\/wp-json\/wp\/v2\/pages\/185\/revisions\/4325"}],"wp:attachment":[{"href":"https:\/\/vertour.hu\/en\/wp-json\/wp\/v2\/media?parent=185"}],"curies":[{"name":"wp","href":"https:\/\/api.w.org\/{rel}","templated":true}]}}