{"id":350,"date":"2025-08-08T08:56:56","date_gmt":"2025-08-08T08:56:56","guid":{"rendered":"https:\/\/localhost\/website\/?page_id=350"},"modified":"2026-04-24T10:12:28","modified_gmt":"2026-04-24T09:12:28","slug":"vadaszat","status":"publish","type":"page","link":"https:\/\/vertour.hu\/en\/vadaszat\/","title":{"rendered":"Hunting"},"content":{"rendered":"<div data-elementor-type=\"wp-page\" data-elementor-id=\"350\" class=\"elementor elementor-350\" data-elementor-post-type=\"page\">\n\t\t\t\t<div class=\"elementor-element elementor-element-9caab91 e-flex e-con-boxed e-con e-parent\" data-id=\"9caab91\" data-element_type=\"container\" data-e-type=\"container\" id=\"top\">\n\t\t\t\t\t<div class=\"e-con-inner\">\n\t\t<div class=\"elementor-element elementor-element-2228bab e-con-full e-flex e-con e-child\" data-id=\"2228bab\" data-element_type=\"container\" data-e-type=\"container\">\n\t\t<div class=\"elementor-element elementor-element-893b311 e-con-full animated-slow e-flex elementor-invisible e-con e-child\" data-id=\"893b311\" data-element_type=\"container\" data-e-type=\"container\" data-settings=\"{&quot;background_background&quot;:&quot;classic&quot;,&quot;animation&quot;:&quot;fadeIn&quot;}\">\n\t\t<div class=\"elementor-element elementor-element-7eeff7c e-con-full e-flex e-con e-child\" data-id=\"7eeff7c\" data-element_type=\"container\" data-e-type=\"container\">\n\t\t\t\t<div class=\"elementor-element elementor-element-0403345 elementor-widget elementor-widget-image\" data-id=\"0403345\" data-element_type=\"widget\" data-e-type=\"widget\" data-widget_type=\"image.default\">\n\t\t\t\t\t\t\t\t\t\t\t\t\t\t\t<img fetchpriority=\"high\" decoding=\"async\" width=\"800\" height=\"81\" src=\"https:\/\/vertour.hu\/wp-content\/uploads\/2025\/08\/vadaszati_arjegyzek_2020_verteserdo-1024x104.webp\" class=\"attachment-large size-large wp-image-1096\" alt=\"\" srcset=\"https:\/\/vertour.hu\/wp-content\/uploads\/2025\/08\/vadaszati_arjegyzek_2020_verteserdo-1024x104.webp 1024w, https:\/\/vertour.hu\/wp-content\/uploads\/2025\/08\/vadaszati_arjegyzek_2020_verteserdo-300x31.webp 300w, https:\/\/vertour.hu\/wp-content\/uploads\/2025\/08\/vadaszati_arjegyzek_2020_verteserdo-768x78.webp 768w, https:\/\/vertour.hu\/wp-content\/uploads\/2025\/08\/vadaszati_arjegyzek_2020_verteserdo-1536x157.webp 1536w, https:\/\/vertour.hu\/wp-content\/uploads\/2025\/08\/vadaszati_arjegyzek_2020_verteserdo.webp 1920w\" sizes=\"(max-width: 800px) 100vw, 800px\" \/>\t\t\t\t\t\t\t\t\t\t\t\t\t\t\t<\/div>\n\t\t<div class=\"elementor-element elementor-element-8c78c9d e-con-full e-flex e-con e-child\" data-id=\"8c78c9d\" data-element_type=\"container\" data-e-type=\"container\" data-settings=\"{&quot;background_background&quot;:&quot;classic&quot;}\">\n\t\t\t\t<div class=\"elementor-element elementor-element-04aeaa7 elementor-widget elementor-widget-button\" data-id=\"04aeaa7\" data-element_type=\"widget\" data-e-type=\"widget\" data-widget_type=\"button.default\">\n\t\t\t\t\t\t\t\t\t\t<a class=\"elementor-button elementor-size-sm\" role=\"button\">\n\t\t\t\t\t\t<span class=\"elementor-button-content-wrapper\">\n\t\t\t\t\t\t\t\t\t<span class=\"elementor-button-text\">2026 \/ 2027<\/span>\n\t\t\t\t\t<\/span>\n\t\t\t\t\t<\/a>\n\t\t\t\t\t\t\t\t<\/div>\n\t\t\t\t<div class=\"elementor-element elementor-element-808c48d elementor-widget elementor-widget-text-editor\" data-id=\"808c48d\" data-element_type=\"widget\" data-e-type=\"widget\" data-widget_type=\"text-editor.default\">\n\t\t\t\t\t\t\t\t\t<p><a href=\"https:\/\/vertour.hu\/wp-content\/uploads\/2026\/01\/VE-VADASZ-2026-27-online-flip.pdf\" download=\"\">Download PDF<\/a><\/p>\t\t\t\t\t\t\t\t<\/div>\n\t\t\t\t<\/div>\n\t\t\t\t<\/div>\n\t\t\t\t<div class=\"elementor-element elementor-element-768cf47 elementor-widget__width-inherit elementor-widget elementor-widget-shortcode\" data-id=\"768cf47\" data-element_type=\"widget\" data-e-type=\"widget\" data-widget_type=\"shortcode.default\">\n\t\t\t\t\t\t\t<div class=\"elementor-shortcode\"><div class=\"_df_book df-lite\" id=\"df_3453\"  _slug=\"vadaszati-arjegyzek-2025-2026\" data-title=\"vadaszati-arjegyzek-2026-2027\" wpoptions=\"true\" thumbtype=\"\" ><\/div><script class=\"df-shortcode-script\" nowprocket type=\"application\/javascript\">window.option_df_3453 = {\"outline\":[],\"backgroundColor\":\"#02010100\",\"height\":\"1000\",\"hard\":\"none\",\"viewerType\":\"flipbook\",\"autoEnableOutline\":\"false\",\"autoEnableThumbnail\":\"false\",\"overwritePDFOutline\":\"false\",\"enableDownload\":\"false\",\"direction\":\"1\",\"pageSize\":\"0\",\"controlsPosition\":\"bottom\",\"soundEnable\":\"false\",\"maxTextureSize\":\"2048\",\"source\":\"https:\\\/\\\/vertour.hu\\\/wp-content\\\/uploads\\\/2026\\\/01\\\/VE-VADASZ-2026-27-online-flip.pdf\",\"wpOptions\":\"true\"}; if(window.DFLIP && window.DFLIP.parseBooks){window.DFLIP.parseBooks();}<\/script><\/div>\n\t\t\t\t\t\t<\/div>\n\t\t\t\t<\/div>\n\t\t<div class=\"elementor-element elementor-element-5e266c5 e-con-full animated-slow e-flex elementor-invisible e-con e-child\" data-id=\"5e266c5\" data-element_type=\"container\" data-e-type=\"container\" data-settings=\"{&quot;animation&quot;:&quot;fadeInRight&quot;,&quot;animation_tablet&quot;:&quot;fadeIn&quot;,&quot;animation_mobile&quot;:&quot;fadeIn&quot;}\">\n\t\t<div class=\"elementor-element elementor-element-c55fbd4 e-con-full e-flex e-con e-child\" data-id=\"c55fbd4\" data-element_type=\"container\" data-e-type=\"container\" data-settings=\"{&quot;animation_tablet&quot;:&quot;none&quot;,&quot;animation_mobile&quot;:&quot;none&quot;}\">\n\t\t<div class=\"elementor-element elementor-element-033f8f8 e-con-full e-flex e-con e-child\" data-id=\"033f8f8\" data-element_type=\"container\" data-e-type=\"container\" data-settings=\"{&quot;background_background&quot;:&quot;classic&quot;}\">\n\t\t\t\t<div class=\"elementor-element elementor-element-2fccdea elementor-widget elementor-widget-image\" data-id=\"2fccdea\" data-element_type=\"widget\" data-e-type=\"widget\" data-widget_type=\"image.default\">\n\t\t\t\t\t\t\t\t\t\t\t\t\t\t\t<img decoding=\"async\" width=\"512\" height=\"512\" src=\"https:\/\/vertour.hu\/wp-content\/uploads\/2025\/08\/cropped-VE_logo_w.webp\" class=\"attachment-medium_large size-medium_large wp-image-1235\" alt=\"\" srcset=\"https:\/\/vertour.hu\/wp-content\/uploads\/2025\/08\/cropped-VE_logo_w.webp 512w, https:\/\/vertour.hu\/wp-content\/uploads\/2025\/08\/cropped-VE_logo_w-300x300.webp 300w, https:\/\/vertour.hu\/wp-content\/uploads\/2025\/08\/cropped-VE_logo_w-150x150.webp 150w\" sizes=\"(max-width: 512px) 100vw, 512px\" \/>\t\t\t\t\t\t\t\t\t\t\t\t\t\t\t<\/div>\n\t\t\t\t<div class=\"elementor-element elementor-element-4c7ebff elementor-widget elementor-widget-heading\" data-id=\"4c7ebff\" data-element_type=\"widget\" data-e-type=\"widget\" data-widget_type=\"heading.default\">\n\t\t\t\t\t<h2 class=\"elementor-heading-title elementor-size-default\">V\u00e9rteserd\u0151 Zrt.<\/h2>\t\t\t\t<\/div>\n\t\t\t\t<div class=\"elementor-element elementor-element-fa6ace1 elementor-widget elementor-widget-text-editor\" data-id=\"fa6ace1\" data-element_type=\"widget\" data-e-type=\"widget\" data-widget_type=\"text-editor.default\">\n\t\t\t\t\t\t\t\t\t<p><strong>Address:<br \/><\/strong><a href=\"https:\/\/maps.app.goo.gl\/orv6dyndbjxmzx4X6\">H-2800 Tatab\u00e1nya, D\u00f3zsakert u. 63.<\/a><\/p><p><strong>Telephone:<br \/><\/strong><a href=\"tel:+3634316733\">+36 34 316 733<\/a><\/p><p><strong>E-mail:<\/strong><br \/><a href=\"mailto:info@vertour.hu\">info@vertour.hu<\/a><\/p><p><strong>Web:<br \/><\/strong><a href=\"https:\/\/verteserdo.hu\/\">verteserdo.hu<\/a><\/p>\t\t\t\t\t\t\t\t<\/div>\n\t\t\t\t<\/div>\n\t\t<div class=\"elementor-element elementor-element-705d0ea e-con-full e-flex e-con e-child\" data-id=\"705d0ea\" data-element_type=\"container\" data-e-type=\"container\" data-settings=\"{&quot;background_background&quot;:&quot;classic&quot;}\">\n\t\t\t\t<div class=\"elementor-element elementor-element-740e8da elementor-widget elementor-widget-heading\" data-id=\"740e8da\" data-element_type=\"widget\" data-e-type=\"widget\" data-widget_type=\"heading.default\">\n\t\t\t\t\t<h2 class=\"elementor-heading-title elementor-size-default\">Lenke Juh\u00e1sz<\/h2>\t\t\t\t<\/div>\n\t\t\t\t<div class=\"elementor-element elementor-element-abdcd25 elementor-widget elementor-widget-heading\" data-id=\"abdcd25\" data-element_type=\"widget\" data-e-type=\"widget\" data-widget_type=\"heading.default\">\n\t\t\t\t\t<h2 class=\"elementor-heading-title elementor-size-default\">Company Director<\/h2>\t\t\t\t<\/div>\n\t\t\t\t<div class=\"elementor-element elementor-element-e03e25b elementor-widget elementor-widget-text-editor\" data-id=\"e03e25b\" data-element_type=\"widget\" data-e-type=\"widget\" data-widget_type=\"text-editor.default\">\n\t\t\t\t\t\t\t\t\t<p><strong>E-mail:<\/strong><br \/><a href=\"mailto:juhasz.lenke@vertour.hu\">juhasz.lenke@vertour.hu<\/a><\/p><p><strong>Telephone:<\/strong><br \/><a href=\"tel:+36302736921\">+36 30 273 6921<\/a><\/p>\t\t\t\t\t\t\t\t<\/div>\n\t\t\t\t<div class=\"elementor-element elementor-element-a968ca7 elementor-widget elementor-widget-image\" data-id=\"a968ca7\" data-element_type=\"widget\" data-e-type=\"widget\" data-widget_type=\"image.default\">\n\t\t\t\t\t\t\t\t\t\t\t\t\t\t\t<img decoding=\"async\" width=\"300\" height=\"283\" src=\"https:\/\/vertour.hu\/wp-content\/uploads\/2025\/08\/VERTOUR-LOGOraszterkicsi-sz-300x283.webp\" class=\"attachment-medium size-medium wp-image-1851\" alt=\"\" srcset=\"https:\/\/vertour.hu\/wp-content\/uploads\/2025\/08\/VERTOUR-LOGOraszterkicsi-sz-300x283.webp 300w, https:\/\/vertour.hu\/wp-content\/uploads\/2025\/08\/VERTOUR-LOGOraszterkicsi-sz-1024x965.webp 1024w, https:\/\/vertour.hu\/wp-content\/uploads\/2025\/08\/VERTOUR-LOGOraszterkicsi-sz-768x724.webp 768w, https:\/\/vertour.hu\/wp-content\/uploads\/2025\/08\/VERTOUR-LOGOraszterkicsi-sz-1536x1447.webp 1536w, https:\/\/vertour.hu\/wp-content\/uploads\/2025\/08\/VERTOUR-LOGOraszterkicsi-sz-13x12.webp 13w, https:\/\/vertour.hu\/wp-content\/uploads\/2025\/08\/VERTOUR-LOGOraszterkicsi-sz.webp 1698w\" sizes=\"(max-width: 300px) 100vw, 300px\" \/>\t\t\t\t\t\t\t\t\t\t\t\t\t\t\t<\/div>\n\t\t\t\t<\/div>\n\t\t<div class=\"elementor-element elementor-element-c0dc82e e-con-full e-flex e-con e-child\" data-id=\"c0dc82e\" data-element_type=\"container\" data-e-type=\"container\" data-settings=\"{&quot;background_background&quot;:&quot;classic&quot;}\">\n\t\t\t\t<div class=\"elementor-element elementor-element-69abbe0 elementor-widget elementor-widget-heading\" data-id=\"69abbe0\" data-element_type=\"widget\" data-e-type=\"widget\" data-widget_type=\"heading.default\">\n\t\t\t\t\t<h2 class=\"elementor-heading-title elementor-size-default\">Hunting by areas<\/h2>\t\t\t\t<\/div>\n\t\t\t\t<div class=\"elementor-element elementor-element-af7cb2f elementor-widget elementor-widget-text-editor\" data-id=\"af7cb2f\" data-element_type=\"widget\" data-e-type=\"widget\" data-widget_type=\"text-editor.default\">\n\t\t\t\t\t\t\t\t\t<p><a href=\"https:\/\/verteserdo.hu\/gerecsei-erdeszeti-igazgatosag\/\" target=\"_blank\" rel=\"noopener\">Gerecse Forestry Directorate<\/a><\/p><p><a href=\"https:\/\/verteserdo.hu\/eszak-vertesi-erdeszeti-igazgatosag\/\" target=\"_blank\" rel=\"noopener\">\u00c9szak-V\u00e9rtes Forestry Directorate<\/a><\/p><p><a href=\"https:\/\/verteserdo.hu\/del-vertesi-erdeszeti-igazgatosag\/\" target=\"_blank\" rel=\"noopener\">D\u00e9l-V\u00e9rtes Forestry Directorate<\/a><\/p><p><a href=\"https:\/\/verteserdo.hu\/sikvideki-erdeszeti-igazgatosag\/\" target=\"_blank\" rel=\"noopener\">S\u00edkvid\u00e9k Forestry Directorate<\/a><\/p>\t\t\t\t\t\t\t\t<\/div>\n\t\t\t\t<\/div>\n\t\t\t\t<\/div>\n\t\t\t\t<\/div>\n\t\t\t\t<\/div>\n\t\t\t\t\t<\/div>\n\t\t\t\t<\/div>\n\t\t\t\t<\/div>","protected":false},"excerpt":{"rendered":"<p>2026 \/ 2027 PDF let\u00f6lt\u00e9se V\u00e9rteserd\u0151 Zrt. C\u00edm:H-2800 Tatab\u00e1nya, D\u00f3zsakert u. 63. Telefon:+36 34 316 733 E-mail:info@vertour.hu Web:verteserdo.hu Juh\u00e1sz Lenke C\u00e9gvezet\u0151 E-mail:juhasz.lenke@vertour.hu Telefon:+36 30 273 6921 Vad\u00e1szter\u00fcletek Gerecsei Erd\u00e9szeti Igazgat\u00f3s\u00e1g \u00c9szak-V\u00e9rtesi Erd\u00e9szeti Igazgat\u00f3s\u00e1g D\u00e9l-V\u00e9rtesi Erd\u00e9szeti Igazgat\u00f3s\u00e1g S\u00edkvid\u00e9ki Erd\u00e9szeti Igazgat\u00f3s\u00e1g<\/p>","protected":false},"author":1,"featured_media":0,"parent":0,"menu_order":0,"comment_status":"closed","ping_status":"closed","template":"elementor_header_footer","meta":{"footnotes":""},"class_list":["post-350","page","type-page","status-publish","hentry"],"yoast_head":"<!-- This site is optimized with the Yoast SEO plugin v27.5 - https:\/\/yoast.com\/product\/yoast-seo-wordpress\/ -->\n<title>Vad\u00e1szat - Vertour Kft.<\/title>\n<meta name=\"robots\" content=\"index, follow, max-snippet:-1, max-image-preview:large, max-video-preview:-1\" \/>\n<link rel=\"canonical\" href=\"https:\/\/vertour.hu\/en\/vadaszat\/\" \/>\n<meta property=\"og:locale\" content=\"en_US\" \/>\n<meta property=\"og:type\" content=\"article\" \/>\n<meta property=\"og:title\" content=\"Vad\u00e1szat - Vertour Kft.\" \/>\n<meta property=\"og:description\" content=\"2026 \/ 2027 PDF let\u00f6lt\u00e9se V\u00e9rteserd\u0151 Zrt. C\u00edm:H-2800 Tatab\u00e1nya, D\u00f3zsakert u. 63. Telefon:+36 34 316 733 E-mail:info@vertour.hu Web:verteserdo.hu Juh\u00e1sz Lenke C\u00e9gvezet\u0151 E-mail:juhasz.lenke@vertour.hu Telefon:+36 30 273 6921 Vad\u00e1szter\u00fcletek Gerecsei Erd\u00e9szeti Igazgat\u00f3s\u00e1g \u00c9szak-V\u00e9rtesi Erd\u00e9szeti Igazgat\u00f3s\u00e1g D\u00e9l-V\u00e9rtesi Erd\u00e9szeti Igazgat\u00f3s\u00e1g S\u00edkvid\u00e9ki Erd\u00e9szeti Igazgat\u00f3s\u00e1g\" \/>\n<meta property=\"og:url\" content=\"https:\/\/vertour.hu\/en\/vadaszat\/\" \/>\n<meta property=\"og:site_name\" content=\"Vertour Kft.\" \/>\n<meta property=\"article:modified_time\" content=\"2026-04-24T09:12:28+00:00\" \/>\n<meta property=\"og:image\" content=\"https:\/\/vertour.hu\/wp-content\/uploads\/2025\/08\/vadaszati_arjegyzek_2020_verteserdo.webp\" \/>\n\t<meta property=\"og:image:width\" content=\"1920\" \/>\n\t<meta property=\"og:image:height\" content=\"196\" \/>\n\t<meta property=\"og:image:type\" content=\"image\/webp\" \/>\n<meta name=\"twitter:label1\" content=\"Est. reading time\" \/>\n\t<meta name=\"twitter:data1\" content=\"1 minute\" \/>\n<script type=\"application\/ld+json\" class=\"yoast-schema-graph\">{\"@context\":\"https:\\\/\\\/schema.org\",\"@graph\":[{\"@type\":\"WebPage\",\"@id\":\"https:\\\/\\\/vertour.hu\\\/vadaszat\\\/\",\"url\":\"https:\\\/\\\/vertour.hu\\\/vadaszat\\\/\",\"name\":\"Vad\u00e1szat - Vertour Kft.\",\"isPartOf\":{\"@id\":\"https:\\\/\\\/vertour.hu\\\/#website\"},\"primaryImageOfPage\":{\"@id\":\"https:\\\/\\\/vertour.hu\\\/vadaszat\\\/#primaryimage\"},\"image\":{\"@id\":\"https:\\\/\\\/vertour.hu\\\/vadaszat\\\/#primaryimage\"},\"thumbnailUrl\":\"https:\\\/\\\/vertour.hu\\\/wp-content\\\/uploads\\\/2025\\\/08\\\/vadaszati_arjegyzek_2020_verteserdo-1024x104.webp\",\"datePublished\":\"2025-08-08T08:56:56+00:00\",\"dateModified\":\"2026-04-24T09:12:28+00:00\",\"breadcrumb\":{\"@id\":\"https:\\\/\\\/vertour.hu\\\/vadaszat\\\/#breadcrumb\"},\"inLanguage\":\"en-US\",\"potentialAction\":[{\"@type\":\"ReadAction\",\"target\":[\"https:\\\/\\\/vertour.hu\\\/vadaszat\\\/\"]}]},{\"@type\":\"ImageObject\",\"inLanguage\":\"en-US\",\"@id\":\"https:\\\/\\\/vertour.hu\\\/vadaszat\\\/#primaryimage\",\"url\":\"https:\\\/\\\/vertour.hu\\\/wp-content\\\/uploads\\\/2025\\\/08\\\/vadaszati_arjegyzek_2020_verteserdo-1024x104.webp\",\"contentUrl\":\"https:\\\/\\\/vertour.hu\\\/wp-content\\\/uploads\\\/2025\\\/08\\\/vadaszati_arjegyzek_2020_verteserdo-1024x104.webp\"},{\"@type\":\"BreadcrumbList\",\"@id\":\"https:\\\/\\\/vertour.hu\\\/vadaszat\\\/#breadcrumb\",\"itemListElement\":[{\"@type\":\"ListItem\",\"position\":1,\"name\":\"Kezd\u0151lap\",\"item\":\"https:\\\/\\\/vertour.hu\\\/\"},{\"@type\":\"ListItem\",\"position\":2,\"name\":\"Vad\u00e1szat\"}]},{\"@type\":\"WebSite\",\"@id\":\"https:\\\/\\\/vertour.hu\\\/#website\",\"url\":\"https:\\\/\\\/vertour.hu\\\/\",\"name\":\"Vertour Kft.\",\"description\":\"Turisztikai-, Vend\u00e9gl\u00e1t\u00f3-, Kereskedelmi \u00e9s Szolg\u00e1ltat\u00f3\",\"publisher\":{\"@id\":\"https:\\\/\\\/vertour.hu\\\/#organization\"},\"potentialAction\":[{\"@type\":\"SearchAction\",\"target\":{\"@type\":\"EntryPoint\",\"urlTemplate\":\"https:\\\/\\\/vertour.hu\\\/?s={search_term_string}\"},\"query-input\":{\"@type\":\"PropertyValueSpecification\",\"valueRequired\":true,\"valueName\":\"search_term_string\"}}],\"inLanguage\":\"en-US\"},{\"@type\":\"Organization\",\"@id\":\"https:\\\/\\\/vertour.hu\\\/#organization\",\"name\":\"Vertour Kft.\",\"url\":\"https:\\\/\\\/vertour.hu\\\/\",\"logo\":{\"@type\":\"ImageObject\",\"inLanguage\":\"en-US\",\"@id\":\"https:\\\/\\\/vertour.hu\\\/#\\\/schema\\\/logo\\\/image\\\/\",\"url\":\"https:\\\/\\\/vertour.hu\\\/wp-content\\\/uploads\\\/2025\\\/11\\\/VERTOUR-LOGOraszter-szines.png\",\"contentUrl\":\"https:\\\/\\\/vertour.hu\\\/wp-content\\\/uploads\\\/2025\\\/11\\\/VERTOUR-LOGOraszter-szines.png\",\"width\":200,\"height\":188,\"caption\":\"Vertour Kft.\"},\"image\":{\"@id\":\"https:\\\/\\\/vertour.hu\\\/#\\\/schema\\\/logo\\\/image\\\/\"},\"sameAs\":[\"https:\\\/\\\/www.facebook.com\\\/vajdajanoserdeiiskola\\\/#\",\"https:\\\/\\\/www.facebook.com\\\/agostyaniarboretum\\\/#\"]}]}<\/script>\n<!-- \/ Yoast SEO plugin. -->","yoast_head_json":{"title":"Vad\u00e1szat - Vertour Kft.","robots":{"index":"index","follow":"follow","max-snippet":"max-snippet:-1","max-image-preview":"max-image-preview:large","max-video-preview":"max-video-preview:-1"},"canonical":"https:\/\/vertour.hu\/en\/vadaszat\/","og_locale":"en_US","og_type":"article","og_title":"Vad\u00e1szat - Vertour Kft.","og_description":"2026 \/ 2027 PDF let\u00f6lt\u00e9se V\u00e9rteserd\u0151 Zrt. C\u00edm:H-2800 Tatab\u00e1nya, D\u00f3zsakert u. 63. Telefon:+36 34 316 733 E-mail:info@vertour.hu Web:verteserdo.hu Juh\u00e1sz Lenke C\u00e9gvezet\u0151 E-mail:juhasz.lenke@vertour.hu Telefon:+36 30 273 6921 Vad\u00e1szter\u00fcletek Gerecsei Erd\u00e9szeti Igazgat\u00f3s\u00e1g \u00c9szak-V\u00e9rtesi Erd\u00e9szeti Igazgat\u00f3s\u00e1g D\u00e9l-V\u00e9rtesi Erd\u00e9szeti Igazgat\u00f3s\u00e1g S\u00edkvid\u00e9ki Erd\u00e9szeti Igazgat\u00f3s\u00e1g","og_url":"https:\/\/vertour.hu\/en\/vadaszat\/","og_site_name":"Vertour Kft.","article_modified_time":"2026-04-24T09:12:28+00:00","og_image":[{"width":1920,"height":196,"url":"https:\/\/vertour.hu\/wp-content\/uploads\/2025\/08\/vadaszati_arjegyzek_2020_verteserdo.webp","type":"image\/webp"}],"twitter_misc":{"Est. reading time":"1 minute"},"schema":{"@context":"https:\/\/schema.org","@graph":[{"@type":"WebPage","@id":"https:\/\/vertour.hu\/vadaszat\/","url":"https:\/\/vertour.hu\/vadaszat\/","name":"Vad\u00e1szat - Vertour Kft.","isPartOf":{"@id":"https:\/\/vertour.hu\/#website"},"primaryImageOfPage":{"@id":"https:\/\/vertour.hu\/vadaszat\/#primaryimage"},"image":{"@id":"https:\/\/vertour.hu\/vadaszat\/#primaryimage"},"thumbnailUrl":"https:\/\/vertour.hu\/wp-content\/uploads\/2025\/08\/vadaszati_arjegyzek_2020_verteserdo-1024x104.webp","datePublished":"2025-08-08T08:56:56+00:00","dateModified":"2026-04-24T09:12:28+00:00","breadcrumb":{"@id":"https:\/\/vertour.hu\/vadaszat\/#breadcrumb"},"inLanguage":"en-US","potentialAction":[{"@type":"ReadAction","target":["https:\/\/vertour.hu\/vadaszat\/"]}]},{"@type":"ImageObject","inLanguage":"en-US","@id":"https:\/\/vertour.hu\/vadaszat\/#primaryimage","url":"https:\/\/vertour.hu\/wp-content\/uploads\/2025\/08\/vadaszati_arjegyzek_2020_verteserdo-1024x104.webp","contentUrl":"https:\/\/vertour.hu\/wp-content\/uploads\/2025\/08\/vadaszati_arjegyzek_2020_verteserdo-1024x104.webp"},{"@type":"BreadcrumbList","@id":"https:\/\/vertour.hu\/vadaszat\/#breadcrumb","itemListElement":[{"@type":"ListItem","position":1,"name":"Kezd\u0151lap","item":"https:\/\/vertour.hu\/"},{"@type":"ListItem","position":2,"name":"Vad\u00e1szat"}]},{"@type":"WebSite","@id":"https:\/\/vertour.hu\/#website","url":"https:\/\/vertour.hu\/","name":"Vertour Kft.","description":"Tourism, Hospitality, Commerce and Services","publisher":{"@id":"https:\/\/vertour.hu\/#organization"},"potentialAction":[{"@type":"SearchAction","target":{"@type":"EntryPoint","urlTemplate":"https:\/\/vertour.hu\/?s={search_term_string}"},"query-input":{"@type":"PropertyValueSpecification","valueRequired":true,"valueName":"search_term_string"}}],"inLanguage":"en-US"},{"@type":"Organization","@id":"https:\/\/vertour.hu\/#organization","name":"Vertour Kft.","url":"https:\/\/vertour.hu\/","logo":{"@type":"ImageObject","inLanguage":"en-US","@id":"https:\/\/vertour.hu\/#\/schema\/logo\/image\/","url":"https:\/\/vertour.hu\/wp-content\/uploads\/2025\/11\/VERTOUR-LOGOraszter-szines.png","contentUrl":"https:\/\/vertour.hu\/wp-content\/uploads\/2025\/11\/VERTOUR-LOGOraszter-szines.png","width":200,"height":188,"caption":"Vertour Kft."},"image":{"@id":"https:\/\/vertour.hu\/#\/schema\/logo\/image\/"},"sameAs":["https:\/\/www.facebook.com\/vajdajanoserdeiiskola\/#","https:\/\/www.facebook.com\/agostyaniarboretum\/#"]}]}},"_links":{"self":[{"href":"https:\/\/vertour.hu\/en\/wp-json\/wp\/v2\/pages\/350","targetHints":{"allow":["GET"]}}],"collection":[{"href":"https:\/\/vertour.hu\/en\/wp-json\/wp\/v2\/pages"}],"about":[{"href":"https:\/\/vertour.hu\/en\/wp-json\/wp\/v2\/types\/page"}],"author":[{"embeddable":true,"href":"https:\/\/vertour.hu\/en\/wp-json\/wp\/v2\/users\/1"}],"replies":[{"embeddable":true,"href":"https:\/\/vertour.hu\/en\/wp-json\/wp\/v2\/comments?post=350"}],"version-history":[{"count":285,"href":"https:\/\/vertour.hu\/en\/wp-json\/wp\/v2\/pages\/350\/revisions"}],"predecessor-version":[{"id":4331,"href":"https:\/\/vertour.hu\/en\/wp-json\/wp\/v2\/pages\/350\/revisions\/4331"}],"wp:attachment":[{"href":"https:\/\/vertour.hu\/en\/wp-json\/wp\/v2\/media?parent=350"}],"curies":[{"name":"wp","href":"https:\/\/api.w.org\/{rel}","templated":true}]}}