{"id":3706,"date":"2025-10-22T13:26:01","date_gmt":"2025-10-22T11:26:01","guid":{"rendered":"https:\/\/vertour.hu\/?page_id=3706"},"modified":"2025-11-12T15:57:50","modified_gmt":"2025-11-12T13:57:50","slug":"impresszum","status":"publish","type":"page","link":"https:\/\/vertour.hu\/en\/impresszum\/","title":{"rendered":"Impressum"},"content":{"rendered":"<div data-elementor-type=\"wp-page\" data-elementor-id=\"3706\" class=\"elementor elementor-3706\" data-elementor-post-type=\"page\">\n\t\t\t\t<div class=\"elementor-element elementor-element-3ce4c9c e-con-full e-flex e-con e-parent\" data-id=\"3ce4c9c\" data-element_type=\"container\" data-e-type=\"container\">\n\t\t<div class=\"elementor-element elementor-element-d09c604 e-flex e-con-boxed e-con e-child\" data-id=\"d09c604\" data-element_type=\"container\" data-e-type=\"container\">\n\t\t\t\t\t<div class=\"e-con-inner\">\n\t\t\t\t<div class=\"elementor-element elementor-element-aa33ce9 elementor-widget elementor-widget-heading\" data-id=\"aa33ce9\" data-element_type=\"widget\" data-e-type=\"widget\" data-widget_type=\"heading.default\">\n\t\t\t\t\t<h2 class=\"elementor-heading-title elementor-size-default\">Impressum<\/h2>\t\t\t\t<\/div>\n\t\t\t\t<div class=\"elementor-element elementor-element-30b7ddf elementor-widget elementor-widget-text-editor\" data-id=\"30b7ddf\" data-element_type=\"widget\" data-e-type=\"widget\" data-widget_type=\"text-editor.default\">\n\t\t\t\t\t\t\t\t\t<p style=\"text-align: center;\"><a href=\"https:\/\/vertour.hu\/en\/\"><strong>www.vertour.hu<\/strong><\/a> - the official website of Vertour Ltd.<\/p><p style=\"text-align: center;\">Written material on this site may be freely used, with source being provided.<\/p><p>\u00a0<\/p><p style=\"text-align: center;\"><strong>Editor:<\/strong><br \/>\u00c1kos Hartd\u00e9gen, Marketing Manager<\/p><p style=\"text-align: center;\"><br \/><strong>Contact:<\/strong><br \/><a href=\"mailto:hartdegen.akos@vertour.hu\">hartdegen.akos@vertour.hu<\/a><\/p><p>\u00a0<\/p><p style=\"text-align: center;\"><strong>The authors\/sources of the photos used on this website: <\/strong>V\u00e9rteserd\u0151 archive<\/p>\t\t\t\t\t\t\t\t<\/div>\n\t\t\t\t\t<\/div>\n\t\t\t\t<\/div>\n\t\t\t\t<\/div>\n\t\t\t\t<\/div>","protected":false},"excerpt":{"rendered":"<p>Impresszum www.vertour.hu \u2013 a Vertour Kft. hivatalos honlapja. Az oldal \u00edr\u00e1sos anyagai szabadon felhaszn\u00e1lhat\u00f3ak a forr\u00e1s felt\u00fcntet\u00e9s\u00e9vel. \u00a0 Szerkeszt\u0151:Hartd\u00e9gen \u00c1kos, marketing vezet\u0151 Kapcsolat:hartdegen.akos@vertour.hu \u00a0 A weboldalon felhaszn\u00e1lt fot\u00f3k k\u00e9sz\u00edt\u0151i\/forr\u00e1sai: V\u00e9rteserd\u0151 arch\u00edv<\/p>","protected":false},"author":1,"featured_media":0,"parent":0,"menu_order":0,"comment_status":"closed","ping_status":"closed","template":"","meta":{"footnotes":""},"class_list":["post-3706","page","type-page","status-publish","hentry"],"yoast_head":"<!-- This site is optimized with the Yoast SEO plugin v27.5 - https:\/\/yoast.com\/product\/yoast-seo-wordpress\/ -->\n<title>Impresszum - Vertour Kft.<\/title>\n<meta name=\"robots\" content=\"index, follow, max-snippet:-1, max-image-preview:large, max-video-preview:-1\" \/>\n<link rel=\"canonical\" href=\"https:\/\/vertour.hu\/en\/impresszum\/\" \/>\n<meta property=\"og:locale\" content=\"en_US\" \/>\n<meta property=\"og:type\" content=\"article\" \/>\n<meta property=\"og:title\" content=\"Impresszum - Vertour Kft.\" \/>\n<meta property=\"og:description\" content=\"Impresszum www.vertour.hu \u2013 a Vertour Kft. hivatalos honlapja. Az oldal \u00edr\u00e1sos anyagai szabadon felhaszn\u00e1lhat\u00f3ak a forr\u00e1s felt\u00fcntet\u00e9s\u00e9vel. \u00a0 Szerkeszt\u0151:Hartd\u00e9gen \u00c1kos, marketing vezet\u0151 Kapcsolat:hartdegen.akos@vertour.hu \u00a0 A weboldalon felhaszn\u00e1lt fot\u00f3k k\u00e9sz\u00edt\u0151i\/forr\u00e1sai: V\u00e9rteserd\u0151 arch\u00edv\" \/>\n<meta property=\"og:url\" content=\"https:\/\/vertour.hu\/en\/impresszum\/\" \/>\n<meta property=\"og:site_name\" content=\"Vertour Kft.\" \/>\n<meta property=\"article:modified_time\" content=\"2025-11-12T13:57:50+00:00\" \/>\n<script type=\"application\/ld+json\" class=\"yoast-schema-graph\">{\"@context\":\"https:\\\/\\\/schema.org\",\"@graph\":[{\"@type\":\"WebPage\",\"@id\":\"https:\\\/\\\/vertour.hu\\\/impresszum\\\/\",\"url\":\"https:\\\/\\\/vertour.hu\\\/impresszum\\\/\",\"name\":\"Impresszum - Vertour Kft.\",\"isPartOf\":{\"@id\":\"https:\\\/\\\/vertour.hu\\\/#website\"},\"datePublished\":\"2025-10-22T11:26:01+00:00\",\"dateModified\":\"2025-11-12T13:57:50+00:00\",\"breadcrumb\":{\"@id\":\"https:\\\/\\\/vertour.hu\\\/impresszum\\\/#breadcrumb\"},\"inLanguage\":\"en-US\",\"potentialAction\":[{\"@type\":\"ReadAction\",\"target\":[\"https:\\\/\\\/vertour.hu\\\/impresszum\\\/\"]}]},{\"@type\":\"BreadcrumbList\",\"@id\":\"https:\\\/\\\/vertour.hu\\\/impresszum\\\/#breadcrumb\",\"itemListElement\":[{\"@type\":\"ListItem\",\"position\":1,\"name\":\"Kezd\u0151lap\",\"item\":\"https:\\\/\\\/vertour.hu\\\/\"},{\"@type\":\"ListItem\",\"position\":2,\"name\":\"Impresszum\"}]},{\"@type\":\"WebSite\",\"@id\":\"https:\\\/\\\/vertour.hu\\\/#website\",\"url\":\"https:\\\/\\\/vertour.hu\\\/\",\"name\":\"Vertour Kft.\",\"description\":\"Turisztikai-, Vend\u00e9gl\u00e1t\u00f3-, Kereskedelmi \u00e9s Szolg\u00e1ltat\u00f3\",\"publisher\":{\"@id\":\"https:\\\/\\\/vertour.hu\\\/#organization\"},\"potentialAction\":[{\"@type\":\"SearchAction\",\"target\":{\"@type\":\"EntryPoint\",\"urlTemplate\":\"https:\\\/\\\/vertour.hu\\\/?s={search_term_string}\"},\"query-input\":{\"@type\":\"PropertyValueSpecification\",\"valueRequired\":true,\"valueName\":\"search_term_string\"}}],\"inLanguage\":\"en-US\"},{\"@type\":\"Organization\",\"@id\":\"https:\\\/\\\/vertour.hu\\\/#organization\",\"name\":\"Vertour Kft.\",\"url\":\"https:\\\/\\\/vertour.hu\\\/\",\"logo\":{\"@type\":\"ImageObject\",\"inLanguage\":\"en-US\",\"@id\":\"https:\\\/\\\/vertour.hu\\\/#\\\/schema\\\/logo\\\/image\\\/\",\"url\":\"https:\\\/\\\/vertour.hu\\\/wp-content\\\/uploads\\\/2025\\\/11\\\/VERTOUR-LOGOraszter-szines.png\",\"contentUrl\":\"https:\\\/\\\/vertour.hu\\\/wp-content\\\/uploads\\\/2025\\\/11\\\/VERTOUR-LOGOraszter-szines.png\",\"width\":200,\"height\":188,\"caption\":\"Vertour Kft.\"},\"image\":{\"@id\":\"https:\\\/\\\/vertour.hu\\\/#\\\/schema\\\/logo\\\/image\\\/\"},\"sameAs\":[\"https:\\\/\\\/www.facebook.com\\\/vajdajanoserdeiiskola\\\/#\",\"https:\\\/\\\/www.facebook.com\\\/agostyaniarboretum\\\/#\"]}]}<\/script>\n<!-- \/ Yoast SEO plugin. -->","yoast_head_json":{"title":"Impresszum - Vertour Kft.","robots":{"index":"index","follow":"follow","max-snippet":"max-snippet:-1","max-image-preview":"max-image-preview:large","max-video-preview":"max-video-preview:-1"},"canonical":"https:\/\/vertour.hu\/en\/impresszum\/","og_locale":"en_US","og_type":"article","og_title":"Impresszum - Vertour Kft.","og_description":"Impresszum www.vertour.hu \u2013 a Vertour Kft. hivatalos honlapja. Az oldal \u00edr\u00e1sos anyagai szabadon felhaszn\u00e1lhat\u00f3ak a forr\u00e1s felt\u00fcntet\u00e9s\u00e9vel. \u00a0 Szerkeszt\u0151:Hartd\u00e9gen \u00c1kos, marketing vezet\u0151 Kapcsolat:hartdegen.akos@vertour.hu \u00a0 A weboldalon felhaszn\u00e1lt fot\u00f3k k\u00e9sz\u00edt\u0151i\/forr\u00e1sai: V\u00e9rteserd\u0151 arch\u00edv","og_url":"https:\/\/vertour.hu\/en\/impresszum\/","og_site_name":"Vertour Kft.","article_modified_time":"2025-11-12T13:57:50+00:00","schema":{"@context":"https:\/\/schema.org","@graph":[{"@type":"WebPage","@id":"https:\/\/vertour.hu\/impresszum\/","url":"https:\/\/vertour.hu\/impresszum\/","name":"Impresszum - Vertour Kft.","isPartOf":{"@id":"https:\/\/vertour.hu\/#website"},"datePublished":"2025-10-22T11:26:01+00:00","dateModified":"2025-11-12T13:57:50+00:00","breadcrumb":{"@id":"https:\/\/vertour.hu\/impresszum\/#breadcrumb"},"inLanguage":"en-US","potentialAction":[{"@type":"ReadAction","target":["https:\/\/vertour.hu\/impresszum\/"]}]},{"@type":"BreadcrumbList","@id":"https:\/\/vertour.hu\/impresszum\/#breadcrumb","itemListElement":[{"@type":"ListItem","position":1,"name":"Kezd\u0151lap","item":"https:\/\/vertour.hu\/"},{"@type":"ListItem","position":2,"name":"Impresszum"}]},{"@type":"WebSite","@id":"https:\/\/vertour.hu\/#website","url":"https:\/\/vertour.hu\/","name":"Vertour Kft.","description":"Tourism, Hospitality, Commerce and Services","publisher":{"@id":"https:\/\/vertour.hu\/#organization"},"potentialAction":[{"@type":"SearchAction","target":{"@type":"EntryPoint","urlTemplate":"https:\/\/vertour.hu\/?s={search_term_string}"},"query-input":{"@type":"PropertyValueSpecification","valueRequired":true,"valueName":"search_term_string"}}],"inLanguage":"en-US"},{"@type":"Organization","@id":"https:\/\/vertour.hu\/#organization","name":"Vertour Kft.","url":"https:\/\/vertour.hu\/","logo":{"@type":"ImageObject","inLanguage":"en-US","@id":"https:\/\/vertour.hu\/#\/schema\/logo\/image\/","url":"https:\/\/vertour.hu\/wp-content\/uploads\/2025\/11\/VERTOUR-LOGOraszter-szines.png","contentUrl":"https:\/\/vertour.hu\/wp-content\/uploads\/2025\/11\/VERTOUR-LOGOraszter-szines.png","width":200,"height":188,"caption":"Vertour Kft."},"image":{"@id":"https:\/\/vertour.hu\/#\/schema\/logo\/image\/"},"sameAs":["https:\/\/www.facebook.com\/vajdajanoserdeiiskola\/#","https:\/\/www.facebook.com\/agostyaniarboretum\/#"]}]}},"_links":{"self":[{"href":"https:\/\/vertour.hu\/en\/wp-json\/wp\/v2\/pages\/3706","targetHints":{"allow":["GET"]}}],"collection":[{"href":"https:\/\/vertour.hu\/en\/wp-json\/wp\/v2\/pages"}],"about":[{"href":"https:\/\/vertour.hu\/en\/wp-json\/wp\/v2\/types\/page"}],"author":[{"embeddable":true,"href":"https:\/\/vertour.hu\/en\/wp-json\/wp\/v2\/users\/1"}],"replies":[{"embeddable":true,"href":"https:\/\/vertour.hu\/en\/wp-json\/wp\/v2\/comments?post=3706"}],"version-history":[{"count":22,"href":"https:\/\/vertour.hu\/en\/wp-json\/wp\/v2\/pages\/3706\/revisions"}],"predecessor-version":[{"id":4078,"href":"https:\/\/vertour.hu\/en\/wp-json\/wp\/v2\/pages\/3706\/revisions\/4078"}],"wp:attachment":[{"href":"https:\/\/vertour.hu\/en\/wp-json\/wp\/v2\/media?parent=3706"}],"curies":[{"name":"wp","href":"https:\/\/api.w.org\/{rel}","templated":true}]}}