{"id":3795,"date":"2025-11-11T13:50:16","date_gmt":"2025-11-11T11:50:16","guid":{"rendered":"https:\/\/vertour.hu\/?page_id=3795"},"modified":"2026-01-05T10:14:51","modified_gmt":"2026-01-05T09:14:51","slug":"kozzeteteli-kotelezettseg","status":"publish","type":"page","link":"https:\/\/vertour.hu\/en\/kozzeteteli-kotelezettseg\/","title":{"rendered":"About"},"content":{"rendered":"<div data-elementor-type=\"wp-page\" data-elementor-id=\"3795\" class=\"elementor elementor-3795\" data-elementor-post-type=\"page\">\n\t\t\t\t<div class=\"elementor-element elementor-element-c2dc494 e-flex e-con-boxed e-con e-parent\" data-id=\"c2dc494\" data-element_type=\"container\" data-e-type=\"container\">\n\t\t\t\t\t<div class=\"e-con-inner\">\n\t\t\t\t<div class=\"elementor-element elementor-element-bd1e837 elementor-widget elementor-widget-heading\" data-id=\"bd1e837\" data-element_type=\"widget\" data-e-type=\"widget\" data-widget_type=\"heading.default\">\n\t\t\t\t\t<h2 class=\"elementor-heading-title elementor-size-default\">Data of public interest of Vertour Ltd.<\/h2>\t\t\t\t<\/div>\n\t\t<div class=\"elementor-element elementor-element-2dd9619 e-con-full e-flex e-con e-child\" data-id=\"2dd9619\" data-element_type=\"container\" data-e-type=\"container\" data-settings=\"{&quot;background_background&quot;:&quot;classic&quot;}\">\n\t\t\t\t<div class=\"elementor-element elementor-element-bfbd2cc elementor-widget elementor-widget-heading\" data-id=\"bfbd2cc\" data-element_type=\"widget\" data-e-type=\"widget\" data-widget_type=\"heading.default\">\n\t\t\t\t\t<h2 class=\"elementor-heading-title elementor-size-default\">Company Info<\/h2>\t\t\t\t<\/div>\n\t\t\t\t<div class=\"elementor-element elementor-element-cf7c816 elementor-widget elementor-widget-text-editor\" data-id=\"cf7c816\" data-element_type=\"widget\" data-e-type=\"widget\" data-widget_type=\"text-editor.default\">\n\t\t\t\t\t\t\t\t\t<p><strong><a title=\"Contact details\" href=\"\/en\/kapcsolat\/\" target=\"_blank\" rel=\"noopener noreferrer\">Contact details<\/a><a title=\"Organisational chart\" href=\"https:\/\/vertour.hu\/wp-content\/uploads\/2025\/11\/szervezeti-abra_2025.pdf\" target=\"_blank\" rel=\"noopener noreferrer\"><br \/>Organisational chart<\/a><br \/><a href=\"https:\/\/vertour.hu\/wp-content\/uploads\/2025\/11\/Vertour_alapito_okirat_202507.pdf\">Articles of association<\/a><\/strong><\/p>\t\t\t\t\t\t\t\t<\/div>\n\t\t\t\t<div class=\"elementor-element elementor-element-9421d27 elementor-widget elementor-widget-heading\" data-id=\"9421d27\" data-element_type=\"widget\" data-e-type=\"widget\" data-widget_type=\"heading.default\">\n\t\t\t\t\t<h2 class=\"elementor-heading-title elementor-size-default\">Data of public interest<\/h2>\t\t\t\t<\/div>\n\t\t\t\t<div class=\"elementor-element elementor-element-f8fb19b elementor-widget elementor-widget-text-editor\" data-id=\"f8fb19b\" data-element_type=\"widget\" data-e-type=\"widget\" data-widget_type=\"text-editor.default\">\n\t\t\t\t\t\t\t\t\t<p style=\"text-align: center;\"><strong>2024<\/strong><\/p><p><a href=\"https:\/\/vertour.hu\/wp-content\/uploads\/2025\/11\/VERTOUR_juttatasok_2024.pdf\">Data published pursuant to Section 2 (1)(2) of Act CXXII of 2009<\/a><\/p>\t\t\t\t\t\t\t\t<\/div>\n\t\t\t\t<div class=\"elementor-element elementor-element-489a2ae elementor-widget elementor-widget-heading\" data-id=\"489a2ae\" data-element_type=\"widget\" data-e-type=\"widget\" data-widget_type=\"heading.default\">\n\t\t\t\t\t<h2 class=\"elementor-heading-title elementor-size-default\">Regulations<\/h2>\t\t\t\t<\/div>\n\t\t\t\t<div class=\"elementor-element elementor-element-27920e9 elementor-widget elementor-widget-text-editor\" data-id=\"27920e9\" data-element_type=\"widget\" data-e-type=\"widget\" data-widget_type=\"text-editor.default\">\n\t\t\t\t\t\t\t\t\t<p style=\"text-align: center;\"><a title=\"Publication policy \" href=\"https:\/\/vertour.hu\/wp-content\/uploads\/2025\/11\/Vertour_Kozzeteteli_szabalyzat.pdf\" target=\"_blank\" rel=\"noopener noreferrer\">Publication Rules<\/a><br \/><a href=\"https:\/\/vertour.hu\/wp-content\/uploads\/2025\/11\/Vertour_Szervezeti-es-mukodesi-szabalyzat.20251015.pdf\">Organisational and Operational Rules<\/a><br \/><a href=\"https:\/\/vertour.hu\/wp-content\/uploads\/2026\/01\/Vertour_Panaszkezelesi-szabalyzat.pdf\">Complaints Handling Policy<\/a><\/p>\t\t\t\t\t\t\t\t<\/div>\n\t\t\t\t<div class=\"elementor-element elementor-element-7abfd7f elementor-widget elementor-widget-heading\" data-id=\"7abfd7f\" data-element_type=\"widget\" data-e-type=\"widget\" data-widget_type=\"heading.default\">\n\t\t\t\t\t<h2 class=\"elementor-heading-title elementor-size-default\">Annual reports<\/h2>\t\t\t\t<\/div>\n\t\t\t\t<div class=\"elementor-element elementor-element-77da0bc elementor-widget elementor-widget-text-editor\" data-id=\"77da0bc\" data-element_type=\"widget\" data-e-type=\"widget\" data-widget_type=\"text-editor.default\">\n\t\t\t\t\t\t\t\t\t<p>The audited annual accounts of VERTOUR Tourism, Hospitality, Trade and Services Limited Liability Company are available on the website of the Company Information and Electronic Company Procedure Service of the Ministry of Justice.<br \/><strong>The company registration number of Vertour Kft.<\/strong>: 11-09-030900.<\/p><p><strong>Search for reports:<\/strong>\u00a0<a href=\"https:\/\/e-beszamolo.im.gov.hu\/oldal\/beszamolo_kereses\" target=\"_blank\" rel=\"noopener noreferrer\">https:\/\/e-beszamolo.im.gov.hu\/oldal\/beszamolo_kereses<\/a><\/p>\t\t\t\t\t\t\t\t<\/div>\n\t\t\t\t<div class=\"elementor-element elementor-element-beae447 elementor-widget elementor-widget-heading\" data-id=\"beae447\" data-element_type=\"widget\" data-e-type=\"widget\" data-widget_type=\"heading.default\">\n\t\t\t\t\t<h2 class=\"elementor-heading-title elementor-size-default\">Privacy policy<\/h2>\t\t\t\t<\/div>\n\t\t\t\t<div class=\"elementor-element elementor-element-f5418b7 elementor-widget elementor-widget-text-editor\" data-id=\"f5418b7\" data-element_type=\"widget\" data-e-type=\"widget\" data-widget_type=\"text-editor.default\">\n\t\t\t\t\t\t\t\t\t<p><a href=\"https:\/\/vertour.hu\/wp-content\/uploads\/2025\/11\/Vertour_Adatvedelmi_es_Adatkezelesi_szabalyzat.pdf\" target=\"_blank\" rel=\"noopener noreferrer\">Privacy and Data Management Policy<\/a><\/p>\t\t\t\t\t\t\t\t<\/div>\n\t\t\t\t<div class=\"elementor-element elementor-element-ec8c371 elementor-widget elementor-widget-heading\" data-id=\"ec8c371\" data-element_type=\"widget\" data-e-type=\"widget\" data-widget_type=\"heading.default\">\n\t\t\t\t\t<h2 class=\"elementor-heading-title elementor-size-default\">Public data search<\/h2>\t\t\t\t<\/div>\n\t\t\t\t<div class=\"elementor-element elementor-element-5fb98ca elementor-widget elementor-widget-text-editor\" data-id=\"5fb98ca\" data-element_type=\"widget\" data-e-type=\"widget\" data-widget_type=\"text-editor.default\">\n\t\t\t\t\t\t\t\t\t<p style=\"text-align: center;\">Public data search:\u00a0<a href=\"http:\/\/kozadat.hu\/kereso\/osszetett-kereso\" target=\"_blank\" rel=\"noopener noreferrer\">http:\/\/kozadat.hu\/kereso\/osszetett-kereso<\/a><br \/>Contracts concluded following a public procurement procedure:\u00a0<a href=\"https:\/\/www.kozbeszerzes.hu\/keres\/tartalom\/\" target=\"_blank\" rel=\"noopener noreferrer\">https:\/\/www.kozbeszerzes.hu\/keres\/tartalom\/<\/a><\/p>\t\t\t\t\t\t\t\t<\/div>\n\t\t\t\t<\/div>\n\t\t\t\t\t<\/div>\n\t\t\t\t<\/div>\n\t\t\t\t<\/div>","protected":false},"excerpt":{"rendered":"<p>A Vertour Kft. k\u00f6z\u00e9rdek\u0171 adatai C\u00e9gadatok El\u00e9rhet\u0151s\u00e9gi adatokSzervezeti \u00e1braAlap\u00edt\u00f3 okirat K\u00f6z\u00e9rdek\u0171 adatok 2024 A 2009. \u00e9vi CXXII. t\u00f6rv\u00e9ny 2.\u00a7 (1)(2) bekezd\u00e9s alapj\u00e1n k\u00f6zz\u00e9tett adatok Szab\u00e1lyzatok K\u00f6zz\u00e9t\u00e9teli Szab\u00e1lyzatSzervezeti \u00e9s M\u0171k\u00f6d\u00e9si Szab\u00e1lyzatPanaszkezel\u00e9si Szab\u00e1lyzat \u00c9ves besz\u00e1mol\u00f3k A VERTOUR Turisztikai-, Vend\u00e9gl\u00e1t\u00f3-, Kereskedelmi \u00e9s Szolg\u00e1ltat\u00f3 Korl\u00e1tolt Felel\u0151ss\u00e9g\u0171 T\u00e1rsas\u00e1g gazd\u00e1lkod\u00e1s\u00e1r\u00f3l k\u00e9sz\u00fclt, k\u00f6nyvvizsg\u00e1lattal al\u00e1t\u00e1masztott \u00e9ves besz\u00e1mol\u00f3i az Igazs\u00e1g\u00fcgyi Miniszt\u00e9rium C\u00e9ginform\u00e1ci\u00f3s \u00e9s az [&hellip;]<\/p>\n","protected":false},"author":1,"featured_media":0,"parent":0,"menu_order":0,"comment_status":"closed","ping_status":"closed","template":"","meta":{"footnotes":""},"class_list":["post-3795","page","type-page","status-publish","hentry"],"yoast_head":"<!-- This site is optimized with the Yoast SEO plugin v27.5 - https:\/\/yoast.com\/product\/yoast-seo-wordpress\/ -->\n<title>K\u00f6zz\u00e9t\u00e9teli k\u00f6telezetts\u00e9g - Vertour Kft.<\/title>\n<meta name=\"robots\" content=\"index, follow, max-snippet:-1, max-image-preview:large, max-video-preview:-1\" \/>\n<link rel=\"canonical\" href=\"https:\/\/vertour.hu\/en\/kozzeteteli-kotelezettseg\/\" \/>\n<meta property=\"og:locale\" content=\"en_US\" \/>\n<meta property=\"og:type\" content=\"article\" \/>\n<meta property=\"og:title\" content=\"K\u00f6zz\u00e9t\u00e9teli k\u00f6telezetts\u00e9g - Vertour Kft.\" \/>\n<meta property=\"og:description\" content=\"A Vertour Kft. k\u00f6z\u00e9rdek\u0171 adatai C\u00e9gadatok El\u00e9rhet\u0151s\u00e9gi adatokSzervezeti \u00e1braAlap\u00edt\u00f3 okirat K\u00f6z\u00e9rdek\u0171 adatok 2024 A 2009. \u00e9vi CXXII. t\u00f6rv\u00e9ny 2.\u00a7 (1)(2) bekezd\u00e9s alapj\u00e1n k\u00f6zz\u00e9tett adatok Szab\u00e1lyzatok K\u00f6zz\u00e9t\u00e9teli Szab\u00e1lyzatSzervezeti \u00e9s M\u0171k\u00f6d\u00e9si Szab\u00e1lyzatPanaszkezel\u00e9si Szab\u00e1lyzat \u00c9ves besz\u00e1mol\u00f3k A VERTOUR Turisztikai-, Vend\u00e9gl\u00e1t\u00f3-, Kereskedelmi \u00e9s Szolg\u00e1ltat\u00f3 Korl\u00e1tolt Felel\u0151ss\u00e9g\u0171 T\u00e1rsas\u00e1g gazd\u00e1lkod\u00e1s\u00e1r\u00f3l k\u00e9sz\u00fclt, k\u00f6nyvvizsg\u00e1lattal al\u00e1t\u00e1masztott \u00e9ves besz\u00e1mol\u00f3i az Igazs\u00e1g\u00fcgyi Miniszt\u00e9rium C\u00e9ginform\u00e1ci\u00f3s \u00e9s az [&hellip;]\" \/>\n<meta property=\"og:url\" content=\"https:\/\/vertour.hu\/en\/kozzeteteli-kotelezettseg\/\" \/>\n<meta property=\"og:site_name\" content=\"Vertour Kft.\" \/>\n<meta property=\"article:modified_time\" content=\"2026-01-05T09:14:51+00:00\" \/>\n<meta name=\"twitter:label1\" content=\"Est. reading time\" \/>\n\t<meta name=\"twitter:data1\" content=\"1 minute\" \/>\n<script type=\"application\/ld+json\" class=\"yoast-schema-graph\">{\"@context\":\"https:\\\/\\\/schema.org\",\"@graph\":[{\"@type\":\"WebPage\",\"@id\":\"https:\\\/\\\/vertour.hu\\\/kozzeteteli-kotelezettseg\\\/\",\"url\":\"https:\\\/\\\/vertour.hu\\\/kozzeteteli-kotelezettseg\\\/\",\"name\":\"K\u00f6zz\u00e9t\u00e9teli k\u00f6telezetts\u00e9g - Vertour Kft.\",\"isPartOf\":{\"@id\":\"https:\\\/\\\/vertour.hu\\\/#website\"},\"datePublished\":\"2025-11-11T11:50:16+00:00\",\"dateModified\":\"2026-01-05T09:14:51+00:00\",\"breadcrumb\":{\"@id\":\"https:\\\/\\\/vertour.hu\\\/kozzeteteli-kotelezettseg\\\/#breadcrumb\"},\"inLanguage\":\"en-US\",\"potentialAction\":[{\"@type\":\"ReadAction\",\"target\":[\"https:\\\/\\\/vertour.hu\\\/kozzeteteli-kotelezettseg\\\/\"]}]},{\"@type\":\"BreadcrumbList\",\"@id\":\"https:\\\/\\\/vertour.hu\\\/kozzeteteli-kotelezettseg\\\/#breadcrumb\",\"itemListElement\":[{\"@type\":\"ListItem\",\"position\":1,\"name\":\"Kezd\u0151lap\",\"item\":\"https:\\\/\\\/vertour.hu\\\/\"},{\"@type\":\"ListItem\",\"position\":2,\"name\":\"K\u00f6zz\u00e9t\u00e9teli k\u00f6telezetts\u00e9g\"}]},{\"@type\":\"WebSite\",\"@id\":\"https:\\\/\\\/vertour.hu\\\/#website\",\"url\":\"https:\\\/\\\/vertour.hu\\\/\",\"name\":\"Vertour Kft.\",\"description\":\"Turisztikai-, Vend\u00e9gl\u00e1t\u00f3-, Kereskedelmi \u00e9s Szolg\u00e1ltat\u00f3\",\"publisher\":{\"@id\":\"https:\\\/\\\/vertour.hu\\\/#organization\"},\"potentialAction\":[{\"@type\":\"SearchAction\",\"target\":{\"@type\":\"EntryPoint\",\"urlTemplate\":\"https:\\\/\\\/vertour.hu\\\/?s={search_term_string}\"},\"query-input\":{\"@type\":\"PropertyValueSpecification\",\"valueRequired\":true,\"valueName\":\"search_term_string\"}}],\"inLanguage\":\"en-US\"},{\"@type\":\"Organization\",\"@id\":\"https:\\\/\\\/vertour.hu\\\/#organization\",\"name\":\"Vertour Kft.\",\"url\":\"https:\\\/\\\/vertour.hu\\\/\",\"logo\":{\"@type\":\"ImageObject\",\"inLanguage\":\"en-US\",\"@id\":\"https:\\\/\\\/vertour.hu\\\/#\\\/schema\\\/logo\\\/image\\\/\",\"url\":\"https:\\\/\\\/vertour.hu\\\/wp-content\\\/uploads\\\/2025\\\/11\\\/VERTOUR-LOGOraszter-szines.png\",\"contentUrl\":\"https:\\\/\\\/vertour.hu\\\/wp-content\\\/uploads\\\/2025\\\/11\\\/VERTOUR-LOGOraszter-szines.png\",\"width\":200,\"height\":188,\"caption\":\"Vertour Kft.\"},\"image\":{\"@id\":\"https:\\\/\\\/vertour.hu\\\/#\\\/schema\\\/logo\\\/image\\\/\"},\"sameAs\":[\"https:\\\/\\\/www.facebook.com\\\/vajdajanoserdeiiskola\\\/#\",\"https:\\\/\\\/www.facebook.com\\\/agostyaniarboretum\\\/#\"]}]}<\/script>\n<!-- \/ Yoast SEO plugin. -->","yoast_head_json":{"title":"K\u00f6zz\u00e9t\u00e9teli k\u00f6telezetts\u00e9g - Vertour Kft.","robots":{"index":"index","follow":"follow","max-snippet":"max-snippet:-1","max-image-preview":"max-image-preview:large","max-video-preview":"max-video-preview:-1"},"canonical":"https:\/\/vertour.hu\/en\/kozzeteteli-kotelezettseg\/","og_locale":"en_US","og_type":"article","og_title":"K\u00f6zz\u00e9t\u00e9teli k\u00f6telezetts\u00e9g - Vertour Kft.","og_description":"A Vertour Kft. k\u00f6z\u00e9rdek\u0171 adatai C\u00e9gadatok El\u00e9rhet\u0151s\u00e9gi adatokSzervezeti \u00e1braAlap\u00edt\u00f3 okirat K\u00f6z\u00e9rdek\u0171 adatok 2024 A 2009. \u00e9vi CXXII. t\u00f6rv\u00e9ny 2.\u00a7 (1)(2) bekezd\u00e9s alapj\u00e1n k\u00f6zz\u00e9tett adatok Szab\u00e1lyzatok K\u00f6zz\u00e9t\u00e9teli Szab\u00e1lyzatSzervezeti \u00e9s M\u0171k\u00f6d\u00e9si Szab\u00e1lyzatPanaszkezel\u00e9si Szab\u00e1lyzat \u00c9ves besz\u00e1mol\u00f3k A VERTOUR Turisztikai-, Vend\u00e9gl\u00e1t\u00f3-, Kereskedelmi \u00e9s Szolg\u00e1ltat\u00f3 Korl\u00e1tolt Felel\u0151ss\u00e9g\u0171 T\u00e1rsas\u00e1g gazd\u00e1lkod\u00e1s\u00e1r\u00f3l k\u00e9sz\u00fclt, k\u00f6nyvvizsg\u00e1lattal al\u00e1t\u00e1masztott \u00e9ves besz\u00e1mol\u00f3i az Igazs\u00e1g\u00fcgyi Miniszt\u00e9rium C\u00e9ginform\u00e1ci\u00f3s \u00e9s az [&hellip;]","og_url":"https:\/\/vertour.hu\/en\/kozzeteteli-kotelezettseg\/","og_site_name":"Vertour Kft.","article_modified_time":"2026-01-05T09:14:51+00:00","twitter_misc":{"Est. reading time":"1 minute"},"schema":{"@context":"https:\/\/schema.org","@graph":[{"@type":"WebPage","@id":"https:\/\/vertour.hu\/kozzeteteli-kotelezettseg\/","url":"https:\/\/vertour.hu\/kozzeteteli-kotelezettseg\/","name":"K\u00f6zz\u00e9t\u00e9teli k\u00f6telezetts\u00e9g - Vertour Kft.","isPartOf":{"@id":"https:\/\/vertour.hu\/#website"},"datePublished":"2025-11-11T11:50:16+00:00","dateModified":"2026-01-05T09:14:51+00:00","breadcrumb":{"@id":"https:\/\/vertour.hu\/kozzeteteli-kotelezettseg\/#breadcrumb"},"inLanguage":"en-US","potentialAction":[{"@type":"ReadAction","target":["https:\/\/vertour.hu\/kozzeteteli-kotelezettseg\/"]}]},{"@type":"BreadcrumbList","@id":"https:\/\/vertour.hu\/kozzeteteli-kotelezettseg\/#breadcrumb","itemListElement":[{"@type":"ListItem","position":1,"name":"Kezd\u0151lap","item":"https:\/\/vertour.hu\/"},{"@type":"ListItem","position":2,"name":"K\u00f6zz\u00e9t\u00e9teli k\u00f6telezetts\u00e9g"}]},{"@type":"WebSite","@id":"https:\/\/vertour.hu\/#website","url":"https:\/\/vertour.hu\/","name":"Vertour Kft.","description":"Tourism, Hospitality, Commerce and Services","publisher":{"@id":"https:\/\/vertour.hu\/#organization"},"potentialAction":[{"@type":"SearchAction","target":{"@type":"EntryPoint","urlTemplate":"https:\/\/vertour.hu\/?s={search_term_string}"},"query-input":{"@type":"PropertyValueSpecification","valueRequired":true,"valueName":"search_term_string"}}],"inLanguage":"en-US"},{"@type":"Organization","@id":"https:\/\/vertour.hu\/#organization","name":"Vertour Kft.","url":"https:\/\/vertour.hu\/","logo":{"@type":"ImageObject","inLanguage":"en-US","@id":"https:\/\/vertour.hu\/#\/schema\/logo\/image\/","url":"https:\/\/vertour.hu\/wp-content\/uploads\/2025\/11\/VERTOUR-LOGOraszter-szines.png","contentUrl":"https:\/\/vertour.hu\/wp-content\/uploads\/2025\/11\/VERTOUR-LOGOraszter-szines.png","width":200,"height":188,"caption":"Vertour Kft."},"image":{"@id":"https:\/\/vertour.hu\/#\/schema\/logo\/image\/"},"sameAs":["https:\/\/www.facebook.com\/vajdajanoserdeiiskola\/#","https:\/\/www.facebook.com\/agostyaniarboretum\/#"]}]}},"_links":{"self":[{"href":"https:\/\/vertour.hu\/en\/wp-json\/wp\/v2\/pages\/3795","targetHints":{"allow":["GET"]}}],"collection":[{"href":"https:\/\/vertour.hu\/en\/wp-json\/wp\/v2\/pages"}],"about":[{"href":"https:\/\/vertour.hu\/en\/wp-json\/wp\/v2\/types\/page"}],"author":[{"embeddable":true,"href":"https:\/\/vertour.hu\/en\/wp-json\/wp\/v2\/users\/1"}],"replies":[{"embeddable":true,"href":"https:\/\/vertour.hu\/en\/wp-json\/wp\/v2\/comments?post=3795"}],"version-history":[{"count":34,"href":"https:\/\/vertour.hu\/en\/wp-json\/wp\/v2\/pages\/3795\/revisions"}],"predecessor-version":[{"id":4256,"href":"https:\/\/vertour.hu\/en\/wp-json\/wp\/v2\/pages\/3795\/revisions\/4256"}],"wp:attachment":[{"href":"https:\/\/vertour.hu\/en\/wp-json\/wp\/v2\/media?parent=3795"}],"curies":[{"name":"wp","href":"https:\/\/api.w.org\/{rel}","templated":true}]}}